
{"id":3985,"date":"2020-05-26T16:31:29","date_gmt":"2020-05-26T14:31:29","guid":{"rendered":"http:\/\/dgaonline.regione.lazio.it\/dgaonline\/?page_id=3985"},"modified":"2020-05-26T16:41:04","modified_gmt":"2020-05-26T14:41:04","slug":"dichiarazione-di-accessibilita","status":"publish","type":"page","link":"https:\/\/dgaonline.regione.lazio.it\/dgaonline\/dichiarazione-di-accessibilita\/","title":{"rendered":"Dichiarazione di accessibilit\u00e0"},"content":{"rendered":"<div id=\"pl-3985\"  class=\"panel-layout\" ><div id=\"pg-3985-0\"  class=\"panel-grid panel-has-style\" ><div class=\"siteorigin-panels-stretch panel-row-style panel-row-style-for-3985-0\" data-stretch-type=\"full\" ><div id=\"pgc-3985-0-0\"  class=\"panel-grid-cell panel-grid-cell-mobile-last\" ><div id=\"panel-3985-0-0-0\" class=\"so-panel widget widget_text panel-first-child\" data-index=\"0\" >\t\t\t<div class=\"textwidget\"><h2>Dichiarazione di accessibilit\u00e0<\/h2>\n<p><strong>In questa pagina abbiamo inserito le informazioni circa il lavoro di accessibilit\u00e0 eseguito per garantire la pi\u00f9 diffusa fruizione delle informazioni presenti sul portale.<\/strong><\/p>\n<\/div>\n\t\t<\/div><div id=\"panel-3985-0-0-1\" class=\"so-panel widget widget_text panel-last-child\" data-index=\"1\" >\t\t\t<div class=\"textwidget\"><p>Il portale <strong>Osservatorio Regionale Online sul Gioco d&#8217;Azzardo<\/strong> garantisce il rispetto dei requisiti tecnici previsti dalla Legge n.4 del 2004, \u201cDisposizioni per favorire l&#8217;accesso dei soggetti disabili agli strumenti informatici&#8221; (la cosiddetta Legge Stanca), e definiti nell&#8217;allegato A del Decreto Ministeriale 8 luglio 2005, \u201cRequisiti tecnici e i diversi livelli per l&#8217;accessibilit\u00e0 agli strumenti informatici\u201d.<\/p>\n<p>Il portale \u00e8 stato sviluppato con linguaggio Php e linguaggio di marcatura HTML e fogli di stile CSS (ver. 3).<br \/>\nSono inoltre state rispettate le linee guida internazionali definite dal W3C per l&#8217;accessibilit\u00e0 &#8211; le Web Content Accessibility Guidelines (WCAG) 2.0 con un livello di conformit\u00e0 pari alla Tripla A.<\/p>\n<p>La Legge Stanca ribadisce il diritto costituzionale per tutti i cittadini, indipendentemente dalle condizioni personali e sociali e quindi da qualsiasi disabilit\u00e0, di accedere ai servizi e alle informazioni all&#8217;interno dei siti web della Pubblica amministrazione.<\/p>\n<p>L&#8217;accessibilit\u00e0 viene definita, quindi, come la capacit\u00e0 dei sistemi informatici, nelle forme e nei limiti consentiti dalle conoscenze tecnologiche, di erogare servizi e fornire informazioni fruibili, senza discriminazioni, anche da parte di coloro che a causa di disabilit\u00e0 necessitano di tecnologie assistive o configurazioni particolari; le tecnologie assistive indicano gli strumenti e le soluzioni tecniche, hardware e software, che permettono alla persona disabile, superando o riducendo le condizioni di svantaggio, di accedere alle informazioni e ai servizi erogati dai sistemi informatici.<\/p>\n<p>Tuttavia, nonostante gli sforzi fatti, possono verificarsi casi in cui delle pagine risultano inaccessibili ad alcune persone. Eventuali problemi di accessibilit\u00e0 durante la navigazione del sito potranno essere segnalati a: <strong><em>INSERIRE RECAPITO<\/em><\/strong><\/p>\n<p>Per ulteriori approfondimenti normativi si pu\u00f2 fare riferimento o all&#8217;aggiornamento dei requisiti di accessibilit\u00e0 in Gazzetta Ufficiale o alla sezione accessibilit\u00e0 sul sito dell&#8217;Agenzia per l&#8217;Italia digitale.<\/p>\n<p><strong>Strumenti automatici di validazione e test di accessibilit\u00e0<\/strong><br \/>\nAl momento si sta procedendo ad effettuare i test di validazione e di accessibilit\u00e0.<br \/>\nGli strumenti utilizzati e i risultati saranno a breve riportati in questa pagina, dedicata alla dichiarazione di accessibilit\u00e0. Inoltre, in base agli esiti di questi ultimi, saranno apportate nel corso del tempo le dovute migliorie.<\/p>\n<p><em>Pubblicato il 26 maggio 2020<\/em><\/p>\n<\/div>\n\t\t<\/div><\/div><div id=\"pgc-3985-0-1\"  class=\"panel-grid-cell panel-grid-cell-empty\" ><\/div><\/div><\/div><\/div>","protected":false},"excerpt":{"rendered":"<p>Dichiarazione di accessibilit\u00e0 In questa pagina abbiamo inserito le informazioni circa il lavoro di accessibilit\u00e0 eseguito per garantire la pi\u00f9 diffusa fruizione delle informazioni presenti &#8230; <\/p>\n","protected":false},"author":1,"featured_media":0,"parent":0,"menu_order":0,"comment_status":"closed","ping_status":"closed","template":"home.php","meta":{"footnotes":""},"class_list":["post-3985","page","type-page","status-publish","hentry"],"_links":{"self":[{"href":"https:\/\/dgaonline.regione.lazio.it\/dgaonline\/wp-json\/wp\/v2\/pages\/3985","targetHints":{"allow":["GET"]}}],"collection":[{"href":"https:\/\/dgaonline.regione.lazio.it\/dgaonline\/wp-json\/wp\/v2\/pages"}],"about":[{"href":"https:\/\/dgaonline.regione.lazio.it\/dgaonline\/wp-json\/wp\/v2\/types\/page"}],"author":[{"embeddable":true,"href":"https:\/\/dgaonline.regione.lazio.it\/dgaonline\/wp-json\/wp\/v2\/users\/1"}],"replies":[{"embeddable":true,"href":"https:\/\/dgaonline.regione.lazio.it\/dgaonline\/wp-json\/wp\/v2\/comments?post=3985"}],"version-history":[{"count":5,"href":"https:\/\/dgaonline.regione.lazio.it\/dgaonline\/wp-json\/wp\/v2\/pages\/3985\/revisions"}],"predecessor-version":[{"id":3991,"href":"https:\/\/dgaonline.regione.lazio.it\/dgaonline\/wp-json\/wp\/v2\/pages\/3985\/revisions\/3991"}],"wp:attachment":[{"href":"https:\/\/dgaonline.regione.lazio.it\/dgaonline\/wp-json\/wp\/v2\/media?parent=3985"}],"curies":[{"name":"wp","href":"https:\/\/api.w.org\/{rel}","templated":true}]}}