
{"id":2859,"date":"2020-05-08T11:00:45","date_gmt":"2020-05-08T09:00:45","guid":{"rendered":"http:\/\/dgaonline.regione.lazio.it\/dgaonline\/?page_id=2859"},"modified":"2020-06-10T17:34:06","modified_gmt":"2020-06-10T15:34:06","slug":"informativa-privacy","status":"publish","type":"page","link":"https:\/\/dgaonline.regione.lazio.it\/dgaonline\/informativa-privacy\/","title":{"rendered":"Informativa Privacy"},"content":{"rendered":"<div id=\"pl-2859\"  class=\"panel-layout\" ><div id=\"pg-2859-0\"  class=\"panel-grid panel-has-style\" ><div class=\"siteorigin-panels-stretch panel-row-style panel-row-style-for-2859-0\" data-stretch-type=\"full\" ><div id=\"pgc-2859-0-0\"  class=\"panel-grid-cell\" ><div id=\"panel-2859-0-0-0\" class=\"so-panel widget widget_text panel-first-child panel-last-child\" data-index=\"0\" >\t\t\t<div class=\"textwidget\"><h4><b>Qui puoi trovare informazioni su<\/b><\/h4>\n<p><a href=\"#titolare\">Titolare del trattamento<\/a><\/p>\n<p><a href=\"#cookies\">Cookies<\/a><\/p>\n<p><a href=\"#dirittiint\">Diritti degli interessati e diritto di reclamo<\/a><\/p>\n<p><a href=\"#notelegali_div\">Note Legali<\/a><\/p>\n<\/div>\n\t\t<\/div><\/div><div id=\"pgc-2859-0-1\"  class=\"panel-grid-cell\" ><div id=\"panel-2859-0-1-0\" class=\"so-panel widget widget_text panel-first-child\" data-index=\"1\" >\t\t\t<div class=\"textwidget\"><h2>Informativa Privacy<\/h2>\n<p style=\"font-size: 24px; font-weight: 600;\"><strong>INFORMAZIONI SUL TRATTAMENTO DEI DATI PERSONALI<\/strong><br \/>\n<strong>degli utenti che consultano i siti web della Regione Lazio<\/strong><br \/>\nai sensi dell&#8217;articolo 13 del Regolamento (UE) 2016\/679<\/p>\n<\/div>\n\t\t<\/div><div id=\"panel-2859-0-1-1\" class=\"so-panel widget widget_text\" data-index=\"2\" ><div id=\"cookies_div\" class=\"panel-widget-style panel-widget-style-for-2859-0-1-1\" >\t\t\t<div class=\"textwidget\"><p>Gentile utente,<\/p>\n<p>in questa pagina sono descritte le modalit\u00e0 di gestione del portale di Regione Lazio relativamente al trattamento dei dati personali degli utenti che lo consultano. Si tratta di un\u2019informativa resa ai sensi dell\u2019art. 13 del Regolamento UE 2016\/679 \u2018Regolamento Generale sulla protezione dei dati&#8217; (di seguito RGPD) e della normativa italiana vigente per la protezione dei dati personali di coloro che interagiscono con il sito di Regione Lazio\u00a0a partire dall\u2019indirizzo <a href=\"http:\/\/www.regione.lazio.it\">www.regione.lazio.it<\/a> e non per altri siti web esterni ed eventualmente collegati a questo tramite link.<\/p>\n<p>Per trattamento di dati personali si intende qualsiasi operazione o insieme di operazioni, compiute con o senza l&#8217;ausilio di processi automatizzati e applicate a dati personali o insiemi di dati personali, anche se non registrati in una banca di dati, come la raccolta, la registrazione, l&#8217;organizzazione, la strutturazione, la conservazione, l&#8217;elaborazione, la selezione, il blocco, l&#8217;adattamento o la modifica, l&#8217;estrazione, la consultazione, l&#8217;uso, la comunicazione mediante trasmissione, la diffusione o qualsiasi altra forma di messa a disposizione, il raffronto o l&#8217;interconnessione, la limitazione, la cancellazione o la distruzione.<\/p>\n<\/div>\n\t\t<\/div><\/div><div id=\"panel-2859-0-1-2\" class=\"so-panel widget widget_text\" data-index=\"3\" ><div id=\"titolare\" class=\"panel-widget-style panel-widget-style-for-2859-0-1-2\" >\t\t\t<div class=\"textwidget\"><h5><strong>TITOLARE DEL TRATTAMENTO<\/strong><\/h5>\n<p>A seguito della consultazione dei siti sopra elencati possono essere trattati dati relativi a persone fisiche identificate o identificabili.<\/p>\n<p>Titolare del trattamento \u00e8 la Giunta della Regione Lazio, con sede in Via R. Raimondi Garibaldi 7, 00145 Roma (Email: <a href=\"mailto:dpo@regione.lazio.it\">dpo@regione.lazio.it<\/a> PEC: <a href=\"mailto:protocollo@regione.lazio.legalmail.it\">protocollo@regione.lazio.legalmail.it<\/a>, centralino 06.51681).<\/p>\n<\/div>\n\t\t<\/div><\/div><div id=\"panel-2859-0-1-3\" class=\"so-panel widget widget_text\" data-index=\"4\" ><div id=\"newsletter_div\" class=\"panel-widget-style panel-widget-style-for-2859-0-1-3\" >\t\t\t<div class=\"textwidget\"><h5><strong>RESPONSABILE DELLA PROTEZIONE DEI DATI<\/strong><\/h5>\n<p>Il responsabile della protezione dei dati personali \u00e8 una figura prevista dall&#8217;art.37 del RGPD . Si tratta di un soggetto designato ad assolvere a funzioni di supporto e controllo, consultive, formative e informative relativamente all&#8217;applicazione del Regolamento medesimo.<\/p>\n<p>Coopera con l&#8217;Autorit\u00e0 Garante e costituisce il punto di contatto, anche rispetto agli interessati, per le questioni connesse al trattamento dei dati personali (artt. 38 e 39 del RGPD), nonch\u00e9 al coordinamento per l&#8217;implementazione e la tenuta dei registri delle attivit\u00e0 di trattamento (art. 30 del RGPD).<\/p>\n<p>Come previsto dall\u2019art. 37, settimo paragrafo, del Regolamento Europeo, si riportano di seguito i dati di contatto del Responsabile della Protezione dei Dati, Ing. Gianluca Ferrara:<\/p>\n<li class=\"li-custom\">recapito postale: Via R. Raimondi Garibaldi 7, 00147 Roma, Palazzina B piano VI, stanza n. 42<\/li>\n<li class=\"li-custom\">PEC: <a href=\"mailto:DPO@regione.lazio.legalmail.it\">DPO@regione.lazio.legalmail.it<\/a><\/li>\n<li class=\"li-custom\">email istituzionale: <a href=\"mailto:dpo@regione.lazio.it\">dpo@regione.lazio.it<\/a><\/li>\n<li class=\"li-custom\">telefono: 06\u00a051684857<\/li>\n<\/div>\n\t\t<\/div><\/div><div id=\"panel-2859-0-1-4\" class=\"so-panel widget widget_text\" data-index=\"5\" ><div id=\"newsletter_div\" class=\"panel-widget-style panel-widget-style-for-2859-0-1-4\" >\t\t\t<div class=\"textwidget\"><h5><strong>BASE GIURIDICA DEL TRATTAMENTO<\/strong><\/h5>\n<p>I dati personali indicati in questa pagina sono trattati dalla Regione Lazio nell&#8217;esecuzione dei propri compiti di interesse pubblico o comunque connessi all&#8217;esercizio dei propri pubblici poteri.<\/p>\n<p>A seguito della consultazione di questo sito possono essere trattati dati relativi a persone identificate o identificabili. I dati forniti liberamente e volontariamente dagli utenti vengono acquisiti e trattati nel rispetto delle regole fissate dal RGPD per le seguenti finalit\u00e0:<\/p>\n<li class=\"li-custom\">esecuzione dei propri compiti di interesse pubblico o comunque connessi all&#8217;esercizio dei propri pubblici poteri, ivi incluse le finalit\u00e0 di archiviazione, di ricerca storica e di analisi per scopi statistici;<\/li>\n<li class=\"li-custom\">adempimenti di obblighi previsti da norme di legge, regolamenti, normativa nazionale ed europea.<\/li>\n<p>La Regione Lazio si impegna a rispettare e a proteggere la vostra riservatezza trattando i dati personali da voi forniti nel rispetto delle disposizioni di legge atte a garantire la sicurezza, l&#8217;esattezza, l&#8217;aggiornamento e la pertinenza dei dati rispetto alle finalit\u00e0 dichiarate. I dati personali forniti dagli utenti che inoltrano richieste sono utilizzati al solo fine di dare esecuzione alla richiesta di volta in volta inoltrata, e sono comunicati a terzi nel solo caso in cui ci\u00f2 sia strettamente necessario e funzionale a tale finalit\u00e0, nel rispetto delle disposizioni europee e nazionali. I dati sono trattati da personale appositamente incaricati al trattamento dei dati, solo qualora il trattamento sia necessario allo svolgimento delle mansioni assegnate.<\/p>\n<\/div>\n\t\t<\/div><\/div><div id=\"panel-2859-0-1-5\" class=\"so-panel widget widget_text\" data-index=\"6\" ><div id=\"newsletter_div\" class=\"panel-widget-style panel-widget-style-for-2859-0-1-5\" >\t\t\t<div class=\"textwidget\"><h5><strong>ULTERIORI FINALIT\u00c0 DEL TRATTAMENTO A SEGUITO DI SPECIFICO ED ESPRESSO CONSENSO DEGLI UTENTI<\/strong><\/h5>\n<p>Oltre che per le finalit\u00e0 di cui sopra, i dati conferiti potrebbero essere trattati, previo espresso consenso anche per comunicare eventi o altre iniziative di informazione o di particolare interesse, nonch\u00e9 per eventuali inviti a partecipare ad iniziative di rilevazione di soddisfazione della \u201cclientela\u201d (cd. indagini di \u201c<em>customer satisfaction<\/em>\u201d)<br \/>\npromosse da Regione Lazio. Il consenso per queste \u201cUlteriori finalit\u00e0 del trattamento&#8221; \u00e8 facoltativo.<\/p>\n<\/div>\n\t\t<\/div><\/div><div id=\"panel-2859-0-1-6\" class=\"so-panel widget widget_text\" data-index=\"7\" ><div id=\"newsletter_div\" class=\"panel-widget-style panel-widget-style-for-2859-0-1-6\" >\t\t\t<div class=\"textwidget\"><h5><strong>FACOLTATIVIT\u00c0 CONFERIMENTO DEI DATI<\/strong><\/h5>\n<p>A parte quanto specificato sotto per i dati di navigazione, l\u2019utente \u00e8 libero di fornire volontariamente i dati personali riportati nei moduli di registrazione o di interfaccia ai diversi servizi del sito ufficiale di Regione Lazio. Il conferimento dei dati presenti nei campi contrassegnati da asterisco \u00e8 obbligatorio solo per poter dar corso ai servizi od alle informative richieste. Il mancato conferimento di determinati dati personali, nei moduli e nelle comunicazioni di richiesta di informazioni, di suggerimenti o di segnalazioni alla redazione del sito o comunque conferiti nel corso di contatti telefonici con le strutture della Regione, pu\u00f2 comportare esclusivamente l\u2019impossibilit\u00e0 di ottenere una risposta a quanto segnalato o richiesto.<\/p>\n<\/div>\n\t\t<\/div><\/div><div id=\"panel-2859-0-1-7\" class=\"so-panel widget widget_text\" data-index=\"8\" ><div id=\"newsletter_div\" class=\"panel-widget-style panel-widget-style-for-2859-0-1-7\" >\t\t\t<div class=\"textwidget\"><h5><strong>MODALIT\u00c0 DEL TRATTAMENTO<\/strong><\/h5>\n<p>I dati personali sono trattati con strumenti elettronici per il tempo strettamente necessario a conseguire gli scopi per cui sono stati raccolti.<\/p>\n<p>Specifiche misure di sicurezza sono osservate per prevenire la perdita dei dati, usi illeciti o non corretti ed accessi non autorizzati.<\/p>\n<\/div>\n\t\t<\/div><\/div><div id=\"panel-2859-0-1-8\" class=\"so-panel widget widget_text\" data-index=\"9\" ><div id=\"cookies\" class=\"panel-widget-style panel-widget-style-for-2859-0-1-8\" >\t\t\t<div class=\"textwidget\"><h5><strong>TIPI DI DATI TRATTATI E FINALIT\u00c0 DEL TRATTAMENTO<\/strong><\/h5>\n<p><em>Dati personali forniti volontariamente dall\u2019utente<\/em><br \/>\nIn fase di erogazione ed esecuzione dei Servizi offerti dal sito regionale, l\u2019utente fornisce volontariamente alcuni dati personali (nome, cognome, email, ecc.) per l\u2019espletamento delle finalit\u00e0 dei singoli Servizi di cui al punto 4 della presente informativa. Tali dati sono raccolti a seguito della compilazione degli specifici <em>form<\/em>, presenti nei singoli servizi o quale conseguenza dell\u2019invio al Titolare del trattamento di e-mail agli indirizzi posta elettronica indicati sul presente sito; alcuni dati risultano indispensabili per offrire opportuni riscontri alle richieste avanzate dagli utenti. In ogni caso, \u00e8 escluso il trattamento di dati sensibili e giudiziari che, se forniti volontariamente dall\u2019utente, saranno debitamente cancellati.<br \/>\n<em><br \/>\nDati di navigazione<\/em><br \/>\nI sistemi informatici e le procedure software preposte al funzionamento di questo sito acquisiscono, nel corso del loro normale esercizio, alcuni dati personali la cui trasmissione \u00e8 implicita nell&#8217;uso dei protocolli di comunicazione di Internet.<\/p>\n<p>In questa categoria di dati rientrano gli indirizzi IP o i nomi a dominio dei computer e dei terminali utilizzati dagli utenti, gli indirizzi in notazione URI\/URL (Uniform Resource Identifier\/Locator) delle risorse richieste, l&#8217;orario della richiesta, il metodo utilizzato nel sottoporre la richiesta al server, la dimensione del file ottenuto in risposta, il codice numerico indicante lo stato della risposta data dal server (buon fine, errore, ecc.) ed altri parametri relativi al sistema operativo e all&#8217;ambiente informatico dell&#8217;utente.<\/p>\n<p>Tali dati, necessari per la fruizione dei servizi web, vengono anche trattati allo scopo di:<\/p>\n<ul>\n<li class=\"li-custom\">ottenere informazioni statistiche sull&#8217;uso dei servizi (pagine pi\u00f9 visitate, numero di visitatori per fascia oraria o giornaliera, aree geografiche di provenienza, ecc.);<\/li>\n<li class=\"li-custom\">controllare il corretto funzionamento dei servizi offerti.<\/li>\n<\/ul>\n<p><em><br \/>\nServizio di newsletter<\/em><br \/>\nI dati personali (nome, cognome, email, ecc.) da Lei conferiti saranno trattati al solo fine di poterLe inviare comunicazioni mensili attraverso newsletter.<br \/>\nIl conferimento dei dati non \u00e8 obbligatorio: peraltro il mancato, parziale o inesatto conferimento degli stessi comporter\u00e0 l\u2019impossibilit\u00e0 di utilizzare i Suoi dati per la finalit\u00e0 sopra indicata, e quindi di poter ricevere le newsletter, riguardanti la nuova politica sull\u2019occupazione della Regione Lazio con interventi a favore dei giovani e dei disoccupati, attraverso le modalit\u00e0 sopra precisate.<\/p>\n<p><em>Cookie e altri sistemi di tracciamento<\/em><br \/>\nCon la presente informativa, ai sensi e per gli effetti degli artt. 13 e 122 del D.Lgs. 196\/2003 (\u201cCodice in materia di protezione dei dati personali\u201d \u2013 d\u2019ora in avanti solo \u201cCodice\u201d) nonch\u00e9 in base a quanto previsto dal Provvedimento generale del Garante privacy \u201cIndividuazione delle modalit\u00e0 semplificate per l\u2019informativa e l\u2019acquisizione del consenso per l\u2019uso dei cookie\u201d dell\u20198 maggio 2014 (doc. web 3118884), la Regione Lazio, Titolare del trattamento, fornisce agli utenti del sito www.regione.lazio.it alcune informazioni relative ai cookie utilizzati.<\/p>\n<p><em>Cosa sono i &#8216;cookie&#8217;<\/em><br \/>\nUn \u201ccookie\u201d \u00e8 un piccolo file di testo creato sul computer dell\u2019utente al momento in cui questo accede ad un determinato sito, con lo scopo di immagazzinare e trasportare informazioni. I cookie sono inviati da un server web (che \u00e8 il computer sul quale \u00e8 in esecuzione il sito web visitato) al browser dell\u2019utente (es. Internet Explorer, Mozilla Firefox, Google Chrome ecc.) e memorizzati sul dispositivo di quest\u2019ultimo; vengono quindi re-inviati al sito web al momento delle visite successive.<br \/>\nNel corso della navigazione l\u2019utente potrebbe ricevere sul suo dispositivo anche cookie di siti diversi (cosiddetti cookie di \u201cterze parti\u201d ) impostati direttamente da gestori di detti siti web e utilizzati per le finalit\u00e0 e secondo le modalit\u00e0 da questi definiti.<\/p>\n<p><em>Tipologie di cookie utilizzate dal presente sito<\/em><br \/>\nIl sito www.regione.lazio.it utilizza cookie tecnici (di navigazione e di sessione) e include al proprio interno alcuni servizi forniti da terze parti che generano cookie memorizzati sul pc dell\u2019utente. Tali servizi sono:<br \/>\n\u2022\u00a0GOOGLE ANALYTICS<br \/>\nIl servizio di GOOGLE ANALYTICS \u00e8 utilizzato per il monitoraggio degli accessi al portale e per le\u00a0 relative modalit\u00e0 di utilizzo da parte dell\u2019utente . Per prendere visione delle caratteristiche\u00a0 di tale servizio e delle specifiche in materia di privacy, si rimanda alla lettura <a href=\"https:\/\/support.google.com\/analytics\/answer\/6004245\"><strong>dell\u2019informativa sulla privacy\u00a0di Google Analytics<\/strong> <\/a><br \/>\n\u2022 UTILIZZO DI YOU TUBE e INSTAGRAM<br \/>\nIn alcune pagine del portale possono essere inseriti dei video caricati sulla piattaforma YOU TUBE, o contenuti multimediali dalla piattaforma INSTAGRAM. Per prendere visione delle caratteristiche tecniche di tali servizi e delle specifiche in materia di privacy, si rimanda alla lettura dell\u2019<strong><a href=\"https:\/\/policies.google.com\/technologies\/cookies?hl=it&amp;gl=it\">informativa sulla privacy di YouTube<\/a><\/strong> e <strong><a href=\"https:\/\/help.instagram.com\/519522125107875\">normativa sui dati di Instagram<\/a><\/strong>.<\/p>\n<p><strong>\u00c8 possibile negare il proprio consenso all\u2019accettazione dei cookie sul proprio dispositivo, agendo sulle impostazioni del programma utilizzato dall\u2019utente per la navigazione su Internet. La disattivazione dei cookie NON impedisce la navigazione del sito ma pu\u00f2 influire sul funzionamento dei servizi di terze parti utilizzati all\u2019interno dello stesso.<\/strong><br \/>\nPer la gestione dei cookie sul browser di navigazione utilizzato, secondo le istruzioni rese disponibili dai relativi fornitori, consultare i link di seguito indicati:<\/p>\n<ul>\n<li class=\"li-custom\"><a href=\"https:\/\/support.google.com\/chrome\/answer\/95647?hl=eng\">Chrome<\/a><\/li>\n<li class=\"li-custom\"><a href=\"https:\/\/support.mozilla.org\/it\/kb\/Gestione%20dei%20cookie#w_impostazioni-dei-cookie\">Firefox<\/a><\/li>\n<li class=\"li-custom\"><a href=\"https:\/\/support.apple.com\/it-it\/HT201265\">Safari<\/a><\/li>\n<li class=\"li-custom\"><a href=\"http:\/\/windows.microsoft.com\/it-it\/windows-vista\/block-or-allow-cookies\">Internet Explorer<\/a><\/li>\n<li class=\"li-custom\"><a href=\"http:\/\/www.opera.com\/help\/tutorials\/security\/cookies\/\">Opera<\/a><\/li>\n<\/ul>\n<p><strong>Diritti degli interessati.<\/strong><\/p>\n<p>I soggetti cui si riferiscono i dati personali hanno il diritto in qualunque momento di ottenere la conferma dell\u2019esistenza o meno dei medesimi dati e di conoscerne il contenuto e l\u2019origine, verificarne l\u2019esattezza o chiederne l\u2019integrazione o l\u2019aggiornamento, oppure la rettificazione <strong>(art. 7 del d.lgs. n. 196\/2003).<\/strong><br \/>\nAi sensi del medesimo articolo si ha il diritto di chiedere la cancellazione, la trasformazione in forma anonima o il blocco dei dati trattati in violazione di legge, nonch\u00e9 di opporsi in ogni caso, per motivi legittimi, al loro trattamento.<\/p>\n<\/div>\n\t\t<\/div><\/div><div id=\"panel-2859-0-1-9\" class=\"so-panel widget widget_text\" data-index=\"10\" ><div id=\"newsletter_div\" class=\"panel-widget-style panel-widget-style-for-2859-0-1-9\" >\t\t\t<div class=\"textwidget\"><h5><strong>DESTINATARI DEI DATI<\/strong><\/h5>\n<p>I Suoi dati saranno resi disponibili nei confronti dei Responsabili del Trattamento ex art. 28 del RGPD della Regione Lazio nonch\u00e9 nei confronti della LAZIOcrea S.p.A., (societ\u00e0 in house e strumento operativo informatico della Regione Lazio), in qualit\u00e0 di Responsabile terzo al trattamento dei dati della Regione Lazio (art. 28, comma 4 del RGPD), che procederanno alle operazioni di raccolta ed elaborazione elettronica degli stessi.<\/p>\n<p>Alcune operazioni di trattamento potrebbero essere altres\u00ec effettuate anche da altri soggetti terzi, ai quali Regione Lazio affida talune attivit\u00e0, o parte di esse, funzionali all&#8217;erogazione dei servizi. Su tali ulteriori soggetti, designati come Responsabili del trattamento, sono imposti da parte di Regione Lazio, mediante contratto o altro atto giuridico a norma del diritto dell\u2019UE o degli Stati membri, opportuni obblighi in materia di protezione dei dati personali attraverso istruzioni operative, con particolare riferimento all&#8217;adozione di misure tecniche ed organizzative adeguate, al fine di poter garantire la riservatezza e la sicurezza dei dati ex art. 32 del RGPD.<\/p>\n<p>Al di fuori di queste ipotesi i dati non saranno comunicati a terzi n\u00e9 diffusi, se non nei casi specificamente previsti dal diritto nazionale o dell&#8217;Unione europea.<\/p>\n<\/div>\n\t\t<\/div><\/div><div id=\"panel-2859-0-1-10\" class=\"so-panel widget widget_text\" data-index=\"11\" ><div id=\"newsletter_div\" class=\"panel-widget-style panel-widget-style-for-2859-0-1-10\" >\t\t\t<div class=\"textwidget\"><h5><strong>TRASFERIMENTO DEI DATI PERSONALI VERSO PAESI NON APPARTENENTI ALL\u2019UNIONE EUROPEA<\/strong><\/h5>\n<p>I dati raccolti ed elaborati non vengono trasferiti presso Societ\u00e0 o altre entit\u00e0 al di fuori del territorio comunitario.<\/p>\n<\/div>\n\t\t<\/div><\/div><div id=\"panel-2859-0-1-11\" class=\"so-panel widget widget_text\" data-index=\"12\" ><div id=\"newsletter_div\" class=\"panel-widget-style panel-widget-style-for-2859-0-1-11\" >\t\t\t<div class=\"textwidget\"><h5><strong>LINK A SITI ESTERNI<\/strong><\/h5>\n<p>Questo sito internet contiene collegamenti ipertestuali detti \u201clink\u201d (ossia strumenti che consentono il collegamento ad una pagina web di un altro sito): i siti esterni raggiungibili tramite link attraverso i Portali della Regione Lazio sono sviluppati e gestiti da soggetti sui quali l\u2019Ente non ha alcuna titolarit\u00e0 n\u00e9 controllo e non \u00e8 in alcun modo responsabile circa contenuti, qualit\u00e0, accuratezza e servizi offerti. La visita e l\u2019utilizzo dei siti consultati dall\u2019utente dal presente sito tramite link, quindi, \u00e8 rimessa esclusivamente alla totale discrezionalit\u00e0 e responsabilit\u00e0 dell\u2019utente utilizzatore. La presente informativa, pertanto, \u00e8 resa solo per i siti della Regione Lazio e non anche per altri siti web eventualmente consultati dall&#8217;utente tramite link.<\/p>\n<\/div>\n\t\t<\/div><\/div><div id=\"panel-2859-0-1-12\" class=\"so-panel widget widget_text\" data-index=\"13\" ><div id=\"dirittiint\" class=\"panel-widget-style panel-widget-style-for-2859-0-1-12\" >\t\t\t<div class=\"textwidget\"><h5><strong>DIRITTI DEGLI INTERESSATI E DIRITTO DI RECLAMO<\/strong><\/h5>\n<p>Gli interessati potranno esercitare in ogni momento i diritti previsti dagli art. 15 e ss. del RGPD ove applicabili. Fra questi si segnalano, in conformit\u00e0 a quanto previsto dagli articoli 13, comma 2, lettere b) e d): il diritto di chiedere la rettifica o la cancellazione dei dati di registrazione che lo riguardano, la limitazione del trattamento o di opporsi al loro trattamento degli stessi, nei casi previsti.<\/p>\n<p>Gli interessati che ritengono che il trattamento dei dati personali a loro riferiti effettuato attraverso questo sito avvenga in violazione di quanto previsto dal RGPD hanno il diritto di proporre reclamo al Garante per la protezione dei dati personali, come previsto dall&#8217;art. 77 del RGPD, seguendo le procedure e le indicazioni pubblicate sul sito web ufficiale dell\u2019Autorit\u00e0 su <a href=\"http:\/\/www.garanteprivacy.it\">www.garanteprivacy.it<\/a>.<\/p>\n<\/div>\n\t\t<\/div><\/div><div id=\"panel-2859-0-1-13\" class=\"widget_text so-panel widget widget_custom_html panel-last-child\" data-index=\"14\" ><div class=\"textwidget custom-html-widget\"><strong>Scarica documenti informativi<\/strong>\n<br>\n<br>\n<a href=\"http:\/\/www.regione.lazio.it\/binary\/rl_main\/tbl_contenuti_regionelazio\/note_legali_portale_regione_lazio.pdf\" target=\"_blank\" rel=\"noopener\">\n<button class=\"btn btn-outline-primary\" type=\"button\">Note legali\u00a0\u00a0<i class=\"fas fa-link\"><\/i>\n<\/button><\/a>\n<br>\n<a href=\"http:\/\/www.regione.lazio.it\/binary\/rl_main\/tbl_contenuti_regionelazio\/Designazione_del_Responsabile_della_protezione_dei_dati_DPO.pdf\" target=\"_blank\" rel=\"noopener\"><button class=\"btn btn-outline-primary\" style=\"margin-top: 1em !important;\" type=\"button\">Designazione del Responsabile della protezione dei dati (DPO)\u00a0\u00a0<i class=\"fas fa-link\"><\/i>\n<\/button>\n<\/a>\n<br>\n<a href=\"http:\/\/www.regione.lazio.it\/binary\/rl_main\/tbl_contenuti_regionelazio\/Convenzione_Jemolo.pdf\" target=\"_blank\" rel=\"noopener\" style=\"margin-top:0.5em;\"><button class=\"btn btn-outline-primary\" type=\"button\" style=\"margin-top: 1em !important;\">Convenzione con l'Istituto regionale di studi giuridici del Lazio \"Arturo Carlo Jemolo\"\u00a0\u00a0<i class=\"fas fa-link\"><\/i>\n<\/button><\/a>\n<br>\n<a href=\"http:\/\/www.regione.lazio.it\/binary\/rl_main\/tbl_contenuti_regionelazio\/WP_243_Linee_guida_sui_responsabili_della_protezione_dei_dati_RPD.pdf\" target=\"_blank\" rel=\"noopener\" style=\"margin-top:0.5em;\"><button class=\"btn btn-outline-primary\" type=\"button\" style=\"margin-top: 1em !important;\">Linee guida sui responsabili della protezione dei dati adottate dal Gruppo Articolo 29\u00a0\u00a0<i class=\"fas fa-link\"><\/i>\n<\/button>\n<\/a>\n<br>\n<a href=\"http:\/\/www.regione.lazio.it\/binary\/rl_main\/tbl_contenuti_regionelazio\/Regolamento_UE_2016_679_Con_riferimenti_ai_considerando.pdf\" target=\"_blank\" rel=\"noopener\" style=\"margin-top:0.5em;\"><button class=\"btn btn-outline-primary\" type=\"button\" style=\"margin-top: 1em !important;\">Regolamento (UE) 2016\/679 del Parlamento europeo e del Consiglio del 27 aprile 2016 (GU L 119, 4.5.2016)\u00a0\u00a0<i class=\"fas fa-link\"><\/i>\n<\/button>\n<\/a><\/div><\/div><\/div><\/div><\/div><\/div>","protected":false},"excerpt":{"rendered":"<p>Qui puoi trovare informazioni su Titolare del trattamento Cookies Diritti degli interessati e diritto di reclamo Note Legali Informativa Privacy INFORMAZIONI SUL TRATTAMENTO DEI DATI &#8230; <\/p>\n","protected":false},"author":1,"featured_media":0,"parent":0,"menu_order":0,"comment_status":"closed","ping_status":"closed","template":"home.php","meta":{"footnotes":""},"class_list":["post-2859","page","type-page","status-publish","hentry"],"_links":{"self":[{"href":"https:\/\/dgaonline.regione.lazio.it\/dgaonline\/wp-json\/wp\/v2\/pages\/2859","targetHints":{"allow":["GET"]}}],"collection":[{"href":"https:\/\/dgaonline.regione.lazio.it\/dgaonline\/wp-json\/wp\/v2\/pages"}],"about":[{"href":"https:\/\/dgaonline.regione.lazio.it\/dgaonline\/wp-json\/wp\/v2\/types\/page"}],"author":[{"embeddable":true,"href":"https:\/\/dgaonline.regione.lazio.it\/dgaonline\/wp-json\/wp\/v2\/users\/1"}],"replies":[{"embeddable":true,"href":"https:\/\/dgaonline.regione.lazio.it\/dgaonline\/wp-json\/wp\/v2\/comments?post=2859"}],"version-history":[{"count":56,"href":"https:\/\/dgaonline.regione.lazio.it\/dgaonline\/wp-json\/wp\/v2\/pages\/2859\/revisions"}],"predecessor-version":[{"id":4433,"href":"https:\/\/dgaonline.regione.lazio.it\/dgaonline\/wp-json\/wp\/v2\/pages\/2859\/revisions\/4433"}],"wp:attachment":[{"href":"https:\/\/dgaonline.regione.lazio.it\/dgaonline\/wp-json\/wp\/v2\/media?parent=2859"}],"curies":[{"name":"wp","href":"https:\/\/api.w.org\/{rel}","templated":true}]}}