
{"id":2597,"date":"2020-05-05T15:42:17","date_gmt":"2020-05-05T13:42:17","guid":{"rendered":"http:\/\/dgaonline.regione.lazio.it\/dgaonline\/?page_id=2597"},"modified":"2022-11-20T19:25:49","modified_gmt":"2022-11-20T18:25:49","slug":"materiali-per-lauto-aiuto","status":"publish","type":"page","link":"https:\/\/dgaonline.regione.lazio.it\/dgaonline\/materiali-per-lauto-aiuto\/","title":{"rendered":"Materiali per l&#8217;auto-aiuto"},"content":{"rendered":"<div id=\"pl-2597\"  class=\"panel-layout\" ><div id=\"pg-2597-0\"  class=\"panel-grid panel-has-style\" ><div class=\"siteorigin-panels-stretch panel-row-style panel-row-style-for-2597-0\" data-stretch-type=\"full\" ><div id=\"pgc-2597-0-0\"  class=\"panel-grid-cell\" ><div id=\"panel-2597-0-0-0\" class=\"so-panel widget widget_text panel-first-child\" data-index=\"0\" ><div id=\"aiuto-w1\" class=\"panel-widget-style panel-widget-style-for-2597-0-0-0\" >\t\t\t<div class=\"textwidget\"><h2>Materiali per l&#8217;auto-aiuto<\/h2>\n<p style=\"font-size: 24px; font-weight: 600;\">Strumenti per avviare in prima persona il cambiamento.<\/p>\n<\/div>\n\t\t<\/div><\/div><div id=\"panel-2597-0-0-1\" class=\"so-panel widget widget_text\" data-index=\"1\" ><div id=\"aiuto-w2\" class=\"panel-widget-style panel-widget-style-for-2597-0-0-1\" >\t\t\t<div class=\"textwidget\"><p>Hai gi\u00e0 consultato l&#8217;articolo &#8220;<a href=\"http:\/\/dgaonline.regione.lazio.it\/dgaonline\/index.php\/2020\/04\/17\/cose-il-disturbo-da-gioco-dazzardo\/\">Cos&#8217;\u00e8 il Disturbo da Gioco d&#8217;Azzardo<\/a>&#8221; ? Hai gi\u00e0 dato un&#8217;occhiata agli \u201c<a href=\"http:\/\/dgaonline.regione.lazio.it\/dgaonline\/index.php\/2020\/04\/24\/approfondimenti-sui-percorsi-di-sviluppo-del-disturbo-da-gioco-dazzardo\/\">Approfondimenti sui percorsi di sviluppo del DGA<\/a>\u201d?<\/p>\n<p>Attraverso i <strong>materiali di auto-aiuto presentati qui di seguito<\/strong> potrai aumentare la tua comprensione del disturbo da gioco d&#8217;azzardo e migliorare la tua capacit\u00e0 di contenere i comportamenti problematici connessi.<\/p>\n<p>Se necessario, tramite il database dei <strong><u><a href=\"http:\/\/dgaonline.regione.lazio.it\/dgaonline\/index.php\/materiali-per-lauto-aiuto\/index.php\/servizi-sul-territorio\/\">contatti territoriali<\/a><\/u><\/strong>, potrai orientarti verso i servizi pubblici e del privato sociale che, nella tua zona, offrono servizi di diagnosi e cura. Il <a href=\"http:\/\/dgaonline.regione.lazio.it\/dgaonline\/index.php\/test\/\"><strong><u>percorso di autovalutazione<\/u><\/strong><\/a> che abbiamo predisposto per te invece, pu\u00f2 essere una buona base per capire come procedere: in pochi minuti, completando i questionari (anonimi) otterrai le indicazioni pi\u00f9 adeguate alla tua situzione.<\/p>\n<\/div>\n\t\t<\/div><\/div><div id=\"panel-2597-0-0-2\" class=\"so-panel widget widget_text\" data-index=\"2\" >\t\t\t<div class=\"textwidget\"><h4>Che cosa mi succede quando gioco d&#8217;azzardo?<\/h4>\n<p>E\u2019 importante imparare a soffermarsi sui sentimenti ed i pensieri collegati alla situazione di gioco per imparare a riconoscere e gestire quelle sensazioni che precedono e accompagnano le &#8220;ricadute&#8221;.<\/p>\n<\/div>\n\t\t<\/div><div id=\"panel-2597-0-0-3\" class=\"so-panel widget widget_text\" data-index=\"3\" >\t\t\t<div class=\"textwidget\"><h4>Tenere un diario<\/h4>\n<p>Scrivere, tenere traccia di ci\u00f2 che pensiamo e di ci\u00f2 che facciamo, pu\u00f2 rivelarsi uno strumento importante per coltivare la capacit\u00e0 di autocontrollo e per migliorare la capacit\u00e0 di &#8220;comprendere s\u00e9 stessi&#8221; e le ragioni per cui non riusciamo a liberarci da comportamenti che sono per noi dannosi.<\/p>\n<p>Avere sempre con te un piccolo bloc-notes, una piccola agenda, e fermarti almeno un paio di volte al giorno per annotare pensieri, sentimenti, ma anche altri dettagli relativi alle situazioni di gioco (che ora era, dove ti trovavi, che cosa era successo prima, con chi eri, quanto hai speso, come ti sentivi prima, e dopo, &#8230;) ti permetter\u00e0, dopo alcuni giorni, di riconoscere delle regolarit\u00e0 (ad esempio, \u00e8 possibile accorgersi di giocare ogni volta che ci si trova soli, oppure prendere coscienza del fatto che la voglia di giocare scatta ogni volta che ci si arrabbia con qualcuno&#8230;). Comprendere meglio s\u00e9 stessi, \u00e8 gi\u00e0 un buon inizio per imparare a prendersi cura di s\u00e9.<\/p>\n<p>In questo, il <strong><u><a href=\"http:\/\/dgaonline.regione.lazio.it\/dgaonline\/index.php\/materiali-per-lauto-aiuto\/index.php\/2020\/05\/28\/che-cosa-mi-succede-quando-gioco\/\">diario di gioco<\/a><\/u><\/strong> ti potr\u00e0 essere di grande aiuto.<\/p>\n<\/div>\n\t\t<\/div><div id=\"panel-2597-0-0-4\" class=\"so-panel widget widget_text panel-last-child\" data-index=\"4\" >\t\t\t<div class=\"textwidget\"><h4 class=\"rich-text block-editor-rich-text__editable\" role=\"textbox\" contenteditable=\"true\" aria-multiline=\"true\" aria-label=\"Scrivi titolo\u2026\">Farsi una &#8220;mappa degli stimoli al gioco d&#8217;azzardo&#8221;<\/h4>\n<p>Chi gioca d&#8217;azzardo in modo problematico o patologico ha gi\u00e0 sviluppato in s\u00e9 delle abitudini profondamente radicate, sul piano emotivo ed in termini di &#8220;automatismo&#8221;. Siamo per cos\u00ec dire &#8220;condizionati&#8221; a ripetere tendenzialmente gli stessi percorsi di fronte agli stessi stimoli.<\/p>\n<p>Questo ci rende vulnerabili alla &#8220;ricaduta&#8221;, anche quando siamo fermamente intenzionati a smettere. Ogni volta che passiamo davanti al nostro centro scommesse preferito (oppure ad altri, che per similitudine ce lo ricordano), ogni volta che sentiamo il suono dei gettoni nelle &#8220;macchinette&#8221; mentre stiamo prendendo un caff\u00e8, qualcosa &#8220;scatta&#8221; dentro di noi e ci ritroviamo a &#8220;scivolare&#8221; in un moto che sembra inarrestabile, verso il nostro azzardo preferito.<\/p>\n<p>Per alcune persone, anche delle semplici luci lampeggianti (che ricordano quelle delle macchinette) sono sufficienti per generare irrequietezza e fantasie di gioco d&#8217;azzardo. Per altri, una sola bevanda alcolica pu\u00f2 bastare per &#8220;mollare gli ormeggi&#8221; e ritrovarsi fuori controllo, a giocare fino ad esaurire ogni risorsa.<\/p>\n<p>Elencare tutti questi &#8220;territori&#8221; scivolosi, tutti gli stimoli che possono indurre il desiderio di giocare d&#8217;azzardo, pu\u00f2 essere dunque utile per tenersene alla larga. Vuoi provare a <a href=\"http:\/\/dgaonline.regione.lazio.it\/dgaonline\/index.php\/2020\/05\/29\/mappare-e-gestire-i-rischi\/\">fare una tua mappa<\/a>?<\/p>\n<p>&nbsp;<\/p>\n<p>&nbsp;<\/p>\n<\/div>\n\t\t<\/div><\/div><div id=\"pgc-2597-0-1\"  class=\"panel-grid-cell\" ><div id=\"panel-2597-0-1-0\" class=\"so-panel widget widget_text panel-first-child\" data-index=\"5\" >\t\t\t<div class=\"textwidget\"><h5>Diario di gioco<\/h5>\n<p>Visita lo strumento.<\/p>\n<p><a href=\"https:\/\/dgaonline.regione.lazio.it\/dgaonline\/auto-aiuto\/che-cosa-mi-succede-quando-gioco\/\" rel=\"noopener\"><button class=\"btn btn-outline-primary btn-sm\" type=\"button\">Apri<\/button><\/a><\/p>\n<\/div>\n\t\t<\/div><div id=\"panel-2597-0-1-1\" class=\"so-panel widget widget_text\" data-index=\"6\" >\t\t\t<div class=\"textwidget\"><h5>Conseguenze del gioco eccessivo<\/h5>\n<p>Visita lo strumento.<\/p>\n<p><a href=\"https:\/\/dgaonline.regione.lazio.it\/dgaonline\/auto-aiuto\/conseguenze-del-gioco-eccessivo\/\" rel=\"noopener\"><button class=\"btn btn-outline-primary btn-sm\" type=\"button\">Apri<\/button><\/a><\/p>\n<\/div>\n\t\t<\/div><div id=\"panel-2597-0-1-2\" class=\"so-panel widget widget_text\" data-index=\"7\" >\t\t\t<div class=\"textwidget\"><h5>La bilancia decisionale<\/h5>\n<p>Visita lo strumento.<\/p>\n<p><a href=\"https:\/\/dgaonline.regione.lazio.it\/dgaonline\/auto-aiuto\/costi-e-benefici-la-bilancia-decisionale\/\" rel=\"noopener\"><button class=\"btn btn-outline-primary btn-sm\" type=\"button\">Apri<\/button><\/a><\/p>\n<\/div>\n\t\t<\/div><div id=\"panel-2597-0-1-3\" class=\"so-panel widget widget_text panel-last-child\" data-index=\"8\" >\t\t\t<div class=\"textwidget\"><h5>Smettere di giocare<\/h5>\n<p>Visita lo strumento.<\/p>\n<p><a href=\"https:\/\/dgaonline.regione.lazio.it\/dgaonline\/auto-aiuto\/smettere-di-giocare\/\" rel=\"noopener\"><button class=\"btn btn-outline-primary btn-sm\" type=\"button\">Apri<\/button><\/a><\/p>\n<\/div>\n\t\t<\/div><\/div><\/div><\/div><\/div>","protected":false},"excerpt":{"rendered":"<p>Materiali per l&#8217;auto-aiuto Strumenti per avviare in prima persona il cambiamento. Hai gi\u00e0 consultato l&#8217;articolo &#8220;Cos&#8217;\u00e8 il Disturbo da Gioco d&#8217;Azzardo&#8221; ? Hai gi\u00e0 dato &#8230; <\/p>\n","protected":false},"author":1,"featured_media":0,"parent":0,"menu_order":0,"comment_status":"closed","ping_status":"closed","template":"home.php","meta":{"footnotes":""},"class_list":["post-2597","page","type-page","status-publish","hentry"],"_links":{"self":[{"href":"https:\/\/dgaonline.regione.lazio.it\/dgaonline\/wp-json\/wp\/v2\/pages\/2597","targetHints":{"allow":["GET"]}}],"collection":[{"href":"https:\/\/dgaonline.regione.lazio.it\/dgaonline\/wp-json\/wp\/v2\/pages"}],"about":[{"href":"https:\/\/dgaonline.regione.lazio.it\/dgaonline\/wp-json\/wp\/v2\/types\/page"}],"author":[{"embeddable":true,"href":"https:\/\/dgaonline.regione.lazio.it\/dgaonline\/wp-json\/wp\/v2\/users\/1"}],"replies":[{"embeddable":true,"href":"https:\/\/dgaonline.regione.lazio.it\/dgaonline\/wp-json\/wp\/v2\/comments?post=2597"}],"version-history":[{"count":38,"href":"https:\/\/dgaonline.regione.lazio.it\/dgaonline\/wp-json\/wp\/v2\/pages\/2597\/revisions"}],"predecessor-version":[{"id":5160,"href":"https:\/\/dgaonline.regione.lazio.it\/dgaonline\/wp-json\/wp\/v2\/pages\/2597\/revisions\/5160"}],"wp:attachment":[{"href":"https:\/\/dgaonline.regione.lazio.it\/dgaonline\/wp-json\/wp\/v2\/media?parent=2597"}],"curies":[{"name":"wp","href":"https:\/\/api.w.org\/{rel}","templated":true}]}}