
{"id":2303,"date":"2020-04-29T13:35:22","date_gmt":"2020-04-29T11:35:22","guid":{"rendered":"http:\/\/dgaonline.regione.lazio.it\/dgaonline\/?page_id=2303"},"modified":"2023-03-18T19:18:47","modified_gmt":"2023-03-18T18:18:47","slug":"test","status":"publish","type":"page","link":"https:\/\/dgaonline.regione.lazio.it\/dgaonline\/test\/","title":{"rendered":"Test"},"content":{"rendered":"<div id=\"pl-2303\"  class=\"panel-layout\" ><div id=\"pg-2303-0\"  class=\"panel-grid panel-has-style\" ><div class=\"siteorigin-panels-stretch panel-row-style panel-row-style-for-2303-0\" data-stretch-type=\"full\" ><div id=\"pgc-2303-0-0\"  class=\"panel-grid-cell panel-grid-cell-mobile-last\" ><div id=\"panel-2303-0-0-0\" class=\"so-panel widget widget_text panel-first-child\" data-index=\"0\" >\t\t\t<div class=\"textwidget\"><h2>Percorso di autovalutazione<\/h2>\n<p style=\"font-size: 24px; font-weight: 600;\">Strumenti per misurare il proprio grado di coinvolgimento con i comportamenti di gioco d&#8217;azzardo.<\/p>\n<\/div>\n\t\t<\/div><div id=\"panel-2303-0-0-1\" class=\"so-panel widget widget_text panel-last-child\" data-index=\"1\" >\t\t\t<div class=\"textwidget\"><p><strong>Qui di seguito ti proponiamo di rispondere ad alcune semplici domande per aiutarti a comprendere se il tuo rapporto con il gioco d&#8217;azzardo stia diventando (o sia gi\u00e0 diventato) problematico oppure francamente patologico.<\/strong><\/p>\n<\/div>\n\t\t<\/div><\/div><div id=\"pgc-2303-0-1\"  class=\"panel-grid-cell panel-grid-cell-empty\" ><\/div><\/div><\/div><div id=\"pg-2303-1\"  class=\"panel-grid panel-has-style\" ><div class=\"siteorigin-panels-stretch panel-row-style panel-row-style-for-2303-1\" data-stretch-type=\"full\" ><div id=\"pgc-2303-1-0\"  class=\"panel-grid-cell panel-grid-cell-mobile-last\" ><div id=\"panel-2303-1-0-0\" class=\"so-panel widget widget_text panel-first-child\" data-index=\"2\" >\t\t\t<div class=\"textwidget\"><h3>Questionario Lie\/Bet<\/h3>\n<p>(Johnson et al., 1997)<\/p>\n<\/div>\n\t\t<\/div><div id=\"panel-2303-1-0-1\" class=\"so-panel widget widget_text panel-last-child\" data-index=\"3\" >\t\t\t<div class=\"textwidget\"><form action=\"\/dgaonline\/wp-json\/wp\/v2\/pages\/2303\" method=\"post\">\r\n    <div class=\"form-row\">\r\n        <div class=\"col-12 col-sm-9 form-check\">\r\n            <p style=\"font-size:20px !important; font-weight: 500!important;\">Giocando, hai mai provato il bisogno di puntare una quantit\u00e0 di denaro sempre maggiore?<\/p>\r\n        <\/div>\r\n        <div class=\"col-md-auto d-flex align-items-center\">\r\n            <input type=\"radio\" name=\"check1\" value=\"1\" required>\r\n            <label class=\"form-check-label\" style=\"font-size:20px !important; font-weight: 500!important;\" for=\"check1\">&nbsp;&nbsp;S\u00ec<\/label>\r\n        <\/div>\r\n        <div class=\"col col-lg-2 d-flex align-items-center\">\r\n            <input type=\"radio\" name=\"check1\" value=\"0\">\r\n            <label class=\"form-check-label \" style=\"font-size:20px !important; font-weight: 500!important;\" for=\"check1\">&nbsp;&nbsp;No<\/label>\r\n        <\/div>\r\n\r\n        <div class=\"col-12 col-sm-9 form-check\">\r\n            <p style=\"font-size:20px !important; font-weight: 500!important;\">Ti \u00e8 mai capitato di mentire sulla portata del tuo gioco di fronte a persone che per te sono o\r\n            erano importanti?<\/p>\r\n        <\/div>\r\n        <div class=\"col-md-auto d-flex align-items-center\">\r\n            <input type=\"radio\" name=\"check2\" value=\"1\"   required>\r\n            <label class=\"form-check-label\" style=\"font-size:20px !important; font-weight: 500!important;\" for=\"check2\">&nbsp;&nbsp;S\u00ec<\/label>\r\n        <\/div>\r\n        <div class=\"col col-lg-2 d-flex align-items-center \" value=\"0\" required >\r\n            <input type=\"radio\" name=\"check2\" value=\"0\">\r\n            <label class=\"form-check-label\" style=\"font-size:20px !important; font-weight: 500!important;\" for=\"check2\">&nbsp;&nbsp;No<\/label>\r\n        <\/div>\r\n    <\/div>\r\n    <br>\r\n    <div class=\"form-group col-md-8 d-flex align-items-end pt-3\">\r\n        <input type=\"submit\" name=\"submit\" value=\"Vai al risultato\" class=\"btn btn-primary btn-lg search-gap\"\/>\r\n    <\/div>\r\n<\/form>\r\n\n<\/div>\n\t\t<\/div><\/div><div id=\"pgc-2303-1-1\"  class=\"panel-grid-cell panel-grid-cell-empty\" ><\/div><\/div><\/div><div id=\"pg-2303-2\"  class=\"panel-grid panel-has-style\" ><div class=\"siteorigin-panels-stretch panel-row-style panel-row-style-for-2303-2\" data-stretch-type=\"full\" ><div id=\"pgc-2303-2-0\"  class=\"panel-grid-cell panel-grid-cell-mobile-last\" ><div id=\"panel-2303-2-0-0\" class=\"so-panel widget widget_text panel-first-child panel-last-child\" data-index=\"4\" >\t\t\t<div class=\"textwidget\"><p>Nella frequentazione di molte attivit\u00e0 o comportamenti &#8220;gratificanti&#8221; esiste un limite, una soglia, a partire dalla quale si realizza un ribaltamento dal piacere al dispiacere. Certi cibi, che in una quantit\u00e0 contenuta sono una raffinata esperienza gastronomica, in dosi pi\u00f9 elevate diventano stomachevoli. Oppure, nel tempo, ci\u00f2 che prima generava un&#8217;esperienza gradevole e stimolante, diventa gradualmente piatto, insignificante (spingendoci cos\u00ec ad aumentarne le dosi per ritrovare il piacere originario).<\/p>\n<p>Il gioco d&#8217;azzardo non fa eccezione. Le stimolazioni emozionali generate dalle vincite (ma anche dalle perdite) &#8211; che per come sono &#8220;organizzate&#8221; dai sistemi di gioco tendono a provocare forme di condizionamento &#8211; ove praticate con una frequenza e\/o un&#8217;intensit\u00e0 eccessiva, influenzano negativamente (desensibilizzandoci) la nostra capacit\u00e0 di provare piacere, soddisfazione.<\/p>\n<p>In &#8220;natura&#8221;, nella nostra comune esistenza, godiamo di piaceri distribuiti nella quotidianit\u00e0, che derivano da esperienze diverse (cibo, sesso, movimento fisico, piaceri estetici visivi\/uditivi \/&#8230;, esercizio intellettuale, &#8230;) e che non sono costanti, &#8220;a comando&#8221;, sempre disponibili. Ci\u00f2 consente il mantenimento di &#8220;buoni rapporti&#8221; con il piacere: nella ricerca dello stesso si incontrano ostacoli (il cibo raffinato non \u00e8 sempre sottomano, il partner desiderato non \u00e8 costantemente disponibile) e si devono affrontare e risolvere dei problemi (in questi casi il piacere intellettuale del problem-solving si somma ai piaceri generati dalla soluzione stessa: chi realizza un&#8217;invenzione utile gode soddisfazione in s\u00e9, ed anche i frutti che ne conseguono).<\/p>\n<p>Se invece il piacere \u00e8 cercato in forme &#8220;artificiali&#8221;, organizzate per concentrarlo e renderlo immediatamente disponibile, come avviene con alcool, sostanze psicoattive, sesso \/ pornografia, gioco d&#8217;azzardo, il rapporto fra piacere e sforzo per conseguirlo tende in alcuni casi a disregolarsi ed a produrre assuefazione, compulsione, dipendenza.<\/p>\n<p>Capire quando da un piacere ci si sta incamminando verso un dispiacere pu\u00f2 essere fondamentale per consentirci di interrompere comportamenti che via via diventano sempre meno soddisfacenti ed anzi, si trasformano dapprima in un disagio ed in seguito in vere e proprie patologie.<\/p>\n<\/div>\n\t\t<\/div><\/div><div id=\"pgc-2303-2-1\"  class=\"panel-grid-cell panel-grid-cell-empty\" ><\/div><\/div><\/div><\/div>","protected":false},"excerpt":{"rendered":"<p>Percorso di autovalutazione Strumenti per misurare il proprio grado di coinvolgimento con i comportamenti di gioco d&#8217;azzardo. Qui di seguito ti proponiamo di rispondere ad &#8230; <\/p>\n","protected":false},"author":1,"featured_media":0,"parent":0,"menu_order":0,"comment_status":"closed","ping_status":"closed","template":"home.php","meta":{"footnotes":""},"class_list":["post-2303","page","type-page","status-publish","hentry"],"_links":{"self":[{"href":"https:\/\/dgaonline.regione.lazio.it\/dgaonline\/wp-json\/wp\/v2\/pages\/2303","targetHints":{"allow":["GET"]}}],"collection":[{"href":"https:\/\/dgaonline.regione.lazio.it\/dgaonline\/wp-json\/wp\/v2\/pages"}],"about":[{"href":"https:\/\/dgaonline.regione.lazio.it\/dgaonline\/wp-json\/wp\/v2\/types\/page"}],"author":[{"embeddable":true,"href":"https:\/\/dgaonline.regione.lazio.it\/dgaonline\/wp-json\/wp\/v2\/users\/1"}],"replies":[{"embeddable":true,"href":"https:\/\/dgaonline.regione.lazio.it\/dgaonline\/wp-json\/wp\/v2\/comments?post=2303"}],"version-history":[{"count":27,"href":"https:\/\/dgaonline.regione.lazio.it\/dgaonline\/wp-json\/wp\/v2\/pages\/2303\/revisions"}],"predecessor-version":[{"id":5213,"href":"https:\/\/dgaonline.regione.lazio.it\/dgaonline\/wp-json\/wp\/v2\/pages\/2303\/revisions\/5213"}],"wp:attachment":[{"href":"https:\/\/dgaonline.regione.lazio.it\/dgaonline\/wp-json\/wp\/v2\/media?parent=2303"}],"curies":[{"name":"wp","href":"https:\/\/api.w.org\/{rel}","templated":true}]}}