
{"id":1748,"date":"2020-04-23T19:14:09","date_gmt":"2020-04-23T17:14:09","guid":{"rendered":"http:\/\/dgaonline.regione.lazio.it\/dgaonline\/?page_id=1748"},"modified":"2020-09-30T15:58:22","modified_gmt":"2020-09-30T13:58:22","slug":"aiutarsi-aiutare","status":"publish","type":"page","link":"https:\/\/dgaonline.regione.lazio.it\/dgaonline\/aiutarsi-aiutare\/","title":{"rendered":"Aiutarsi ed aiutare"},"content":{"rendered":"<div id=\"pl-1748\"  class=\"panel-layout\" ><div id=\"pg-1748-0\"  class=\"panel-grid panel-has-style\" ><div class=\"siteorigin-panels-stretch panel-row-style panel-row-style-for-1748-0\" data-stretch-type=\"full\" ><div id=\"pgc-1748-0-0\"  class=\"panel-grid-cell\" ><div id=\"panel-1748-0-0-0\" class=\"so-panel widget widget_text panel-first-child\" data-index=\"0\" >\t\t\t<div class=\"textwidget\"><h2>Aiutarsi, ed aiutare<\/h2>\n<p style=\"font-size: 24px; font-weight: 600;\">I percorsi di recupero e di superamento della dipendenza passano spesso attraverso la riattivazione del proprio interesse per altri giochi, altre esperienze, ed altre occasioni di partecipazione sociale.<u><br \/>\n<\/u><\/p>\n<\/div>\n\t\t<\/div><div id=\"panel-1748-0-0-1\" class=\"so-panel widget widget_text\" data-index=\"1\" >\t\t\t<div class=\"textwidget\"><h5>Fotografia<\/h5>\n<p>Ri-animarsi, psicologicamente, significa anche ritrovare la propria capacit\u00e0 di emozionarsi e di riflettere in merito alle cose che rendono la nostra vita degna di essere vissuta. Saper guardare con curiosit\u00e0 ed interesse a ci\u00f2 che ci circonda.<\/p>\n<p>Per questo abbiamo pensato di coinvolgervi nella costituzione di una <strong>Galleria Fotografica<\/strong> condivisa, uno spazio virtuale in cui raccogliere immagini che ognuno di voi, con la propria macchina fotografica o il proprio cellulare, pu\u00f2 scattare per catturare un &#8220;attimo fuggente&#8221;, un momento emozionante, uno stato d&#8217;animo.<\/p>\n<p>Vi proporremo dunque dei &#8220;temi di concorso&#8221;, e voi, nel pieno rispetto della vostra riservatezza, potrete inviarci le vostre immagini per condividerle con i visitatori del sito.<\/p>\n<\/div>\n\t\t<\/div><div id=\"panel-1748-0-0-2\" class=\"so-panel widget widget_text\" data-index=\"2\" >\t\t\t<div class=\"textwidget\"><p><!--\n\n<h5>[insta-gallery id=\"1\"]<\/h5>\n\n--><\/p>\n<\/div>\n\t\t<\/div><div id=\"panel-1748-0-0-3\" class=\"so-panel widget widget_text\" data-index=\"3\" >\t\t\t<div class=\"textwidget\"><h5>Cinema e letteratura<\/h5>\n<p>Siamo sempre pi\u00f9 consapevoli di quanto le arti possano contribuire al benessere delle persone e negli anni pi\u00f9 recenti sono apparsi numerosi contributi in merito all&#8217;uso della lettura, di certe letture, come strumento terapeutico. &#8220;Biblioterapia&#8221; \u00e8 un termine che, anche se improprio, sempre pi\u00f9 spesso fa capolino nelle considerazioni di clinici ed operatori psicosociali. Altrettanto possiamo dire per la &#8220;Cinematerapia&#8221;, ovvero per la &#8220;prescrizione&#8221; della visione di film capaci di suscitare riflessioni e\/o prese di coscienza implicate nei percorsi di crescita, di sviluppo personale, di &#8220;guarigione&#8221;.\u00a0 Mensilmente inseriremo quindi nuove <strong><u><a href=\"http:\/\/dgaonline.regione.lazio.it\/dgaonline\/index.php\/recensioni\/\">Recensioni di film e libri<\/a><\/u><\/strong> che possano sostenervi nel generare nuove consapevolezze, oppure aiutarvi ad osservare i guai quotidiani da altre prospettive.<\/p>\n<p>Vi invitiamo inoltre a contribuire, con i vostri commenti e segnalando le letture o i film che vi hanno confortato o talvolta veramente &#8220;aperto gli occhi&#8221; su qualcosa, migliorandovi. Per farlo potete riempire anonimamente il <a href=\"http:\/\/dgaonline.regione.lazio.it\/dgaonline\/index.php\/recensioni\/\"><strong>Questionario Cinema &amp; Libri<\/strong><\/a> che abbiamo predisposto ad hoc.<\/p>\n<\/div>\n\t\t<\/div><div class=\"widget_category_mansory\"><div id=\"panel-1748-0-0-4\" class=\"so-panel widget widget_widget_category_posts\" data-index=\"4\" ><div class=\"panel-widget-style panel-widget-style-for-1748-0-0-4\" ><h3 class=\"widget-title\"> <\/h3><div class=\"card-columns\">\n                                          <article id=\"post-4836\" class=\"card post-4836 post type-post status-publish format-standard hentry category-approfondimento-culturale category-recensioni category-senza-categoria tag-antropologia tag-azzardo tag-filosofia tag-gioco tag-mito tag-storia\" >\n                    \n                                                          <div class=\"card-body\">\n                    <div class=\"category-top\">\n                      <!-- <a class=\"category\" href=\"#\">Category<\/a> -->\n                                             \n                        <span class=\"data\">\n                          28 Set 2020                        <\/span>\n                                          <\/div>\n                    <header class=\"entry-header\">\n                      <h5 class=\"card-title big-heading\">La dea bendata. Viaggio nella societ\u00e0 dell&#8217;azzardo.<\/h5>                    <\/header><!-- .entry-header -->\n\n                        \n\n                        <div class=\"card-text\">\n                            <p>La Fondazione Tertio Millennio Onlus, con prefazione di Leonardo Becchetti, ha pubblicato e distribuito su internet questo interessante testo di Marco Dari Mattiacci, volto ad esplorare le complesse relazioni fra regolamentazione (o assenza di), idea di societ\u00e0, e cittadinanza attiva.<\/p>\n                        <\/div><!-- .entry-summary -->\n                                        <a href=\"https:\/\/dgaonline.regione.lazio.it\/dgaonline\/senza-categoria\/la-dea-bendata-viaggio-nella-societa-dellazzardo\/\" title=\"La dea bendata. Viaggio nella societ\u00e0 dell&#8217;azzardo.\" class=\"read-more\">Leggi di pi&ugrave; &nbsp;<span class=\"it-arrow-right\"><\/span><\/a>\n                  <\/div>\n\n                <\/article><!-- #post-## -->\n\n                \n                                          <article id=\"post-4167\" class=\"card post-4167 post type-post status-publish format-standard hentry category-approfondimento-culturale category-recensioni category-senza-categoria tag-antropologia tag-azzardo tag-filosofia tag-gioco tag-mito tag-storia\" >\n                    \n                                                          <div class=\"card-body\">\n                    <div class=\"category-top\">\n                      <!-- <a class=\"category\" href=\"#\">Category<\/a> -->\n                                             \n                        <span class=\"data\">\n                          29 Mag 2020                        <\/span>\n                                          <\/div>\n                    <header class=\"entry-header\">\n                      <h5 class=\"card-title big-heading\">Il gioco &#038; l&#8217;azzardo<\/h5>                    <\/header><!-- .entry-header -->\n\n                        \n\n                        <div class=\"card-text\">\n                            <p>In questo breve estratto dal noto testo di Riccardo Zerbetto e Mauro Croce, troverere un primo inquadramento storico &#8211; antropologico che pu\u00f2 risultare utile per generare spunti di riflessioni connessi alla storia, alla filosofia, alla religione ed a molti altri temi trattati nella scuola.<\/p>\n                        <\/div><!-- .entry-summary -->\n                                        <a href=\"https:\/\/dgaonline.regione.lazio.it\/dgaonline\/senza-categoria\/gioconelmito\/\" title=\"Il gioco &#038; l&#8217;azzardo\" class=\"read-more\">Leggi di pi&ugrave; &nbsp;<span class=\"it-arrow-right\"><\/span><\/a>\n                  <\/div>\n\n                <\/article><!-- #post-## -->\n\n                <\/div><\/div><\/div><\/div><div id=\"panel-1748-0-0-5\" class=\"so-panel widget widget_text\" data-index=\"5\" ><div class=\"panel-widget-style panel-widget-style-for-1748-0-0-5\" >\t\t\t<div class=\"textwidget\"><div class=\"container\">\n<div class=\"row\">\n<div class=\"col text-center\"><a href=\"http:\/\/dgaonline.regione.lazio.it\/dgaonline\/index.php\/recensioni\/\"><button class=\"btn btn-outline-primary\" type=\"button\">Mostra tutte<\/button><\/a><\/div>\n<\/div>\n<\/div>\n<\/div>\n\t\t<\/div><\/div><div id=\"panel-1748-0-0-6\" class=\"so-panel widget widget_text\" data-index=\"6\" >\t\t\t<div class=\"textwidget\"><h5>Poesia e Aforismi<\/h5>\n<p>A volte poche parole possono bastare per condensare significati importanti. In una poesia possiamo rispecchiarci, trovare consonanza, e forse orientamento. Coltiviamo dunque una raccolta di citazioni, di considerazioni capaci di illuminare aspetti complessi del pensiero e del sentimento umano e mettiamole in discussione. Non soltanto traendo ispirazione da chi ha fatto della scrittura la propria vita: ognuno di voi pu\u00f2 contribuire con i suoi pensieri, anche in forma anonima, ed aiutare cos\u00ec s\u00e9 e gli altri a riflettere sul proprio sentire e vivere il mondo &gt; <strong><u><a href=\"http:\/\/dgaonline.regione.lazio.it\/dgaonline\/forums\/sostegno\/poesie_citazioni_aforismi\/\">Forum &#8211; Sezione Poesia<\/a><\/u><\/strong><\/p>\n<\/div>\n\t\t<\/div><div id=\"panel-1748-0-0-7\" class=\"so-panel widget widget_text panel-last-child\" data-index=\"7\" >\t\t\t<div class=\"textwidget\"><h4>Occasioni di volontariato<\/h4>\n<p><strong>In affiancamento al proprio percorso di cura, pu\u00f2 essere determinante coltivare &#8220;appartenenza&#8221; sociale, rendendosi disponibili a dedicare qualche ora ad attivit\u00e0 che vadano a beneficio della collettivit\u00e0. <\/strong><strong>Per informazioni in merito, puoi rivolgerti al <a href=\"http:\/\/dgaonline.regione.lazio.it\/dgaonline\/index.php\/servizi-sul-territorio\/?service_type=4\">servizio di volontariato pi\u00f9 vicino. <\/a><\/strong><\/p>\n<p><strong>Fare per gli altri, con gli altri, pu\u00f2 contribuire anche al tuo percorso di &#8220;rinascita&#8221;.<br \/>\n<\/strong><\/p>\n<\/div>\n\t\t<\/div><\/div><div id=\"pgc-1748-0-1\"  class=\"panel-grid-cell\" ><div id=\"panel-1748-0-1-0\" class=\"so-panel widget widget_text panel-first-child panel-last-child\" data-index=\"8\" >\t\t\t<div class=\"textwidget\"><h5>Centri Servizi per il Volontariato<\/h5>\n<p>Per informazioni sulle attivit\u00e0 delle organizzazioni per il volontariato nella nostra regione, puoi cliccare su:<br \/>\n<a href=\"http:\/\/dgaonline.regione.lazio.it\/dgaonline\/index.php\/servizi-sul-territorio\/?service_type=4\"><br \/>\n<button class=\"btn btn-outline-primary btn-sm\" type=\"button\">Centri Servizi per il Volontariato Lazio<\/button><br \/>\n<\/a><\/p>\n<\/div>\n\t\t<\/div><\/div><\/div><\/div><\/div>","protected":false},"excerpt":{"rendered":"<p>Aiutarsi, ed aiutare I percorsi di recupero e di superamento della dipendenza passano spesso attraverso la riattivazione del proprio interesse per altri giochi, altre esperienze, &#8230; <\/p>\n","protected":false},"author":1,"featured_media":0,"parent":0,"menu_order":0,"comment_status":"closed","ping_status":"closed","template":"home.php","meta":{"footnotes":""},"class_list":["post-1748","page","type-page","status-publish","hentry"],"_links":{"self":[{"href":"https:\/\/dgaonline.regione.lazio.it\/dgaonline\/wp-json\/wp\/v2\/pages\/1748","targetHints":{"allow":["GET"]}}],"collection":[{"href":"https:\/\/dgaonline.regione.lazio.it\/dgaonline\/wp-json\/wp\/v2\/pages"}],"about":[{"href":"https:\/\/dgaonline.regione.lazio.it\/dgaonline\/wp-json\/wp\/v2\/types\/page"}],"author":[{"embeddable":true,"href":"https:\/\/dgaonline.regione.lazio.it\/dgaonline\/wp-json\/wp\/v2\/users\/1"}],"replies":[{"embeddable":true,"href":"https:\/\/dgaonline.regione.lazio.it\/dgaonline\/wp-json\/wp\/v2\/comments?post=1748"}],"version-history":[{"count":72,"href":"https:\/\/dgaonline.regione.lazio.it\/dgaonline\/wp-json\/wp\/v2\/pages\/1748\/revisions"}],"predecessor-version":[{"id":4852,"href":"https:\/\/dgaonline.regione.lazio.it\/dgaonline\/wp-json\/wp\/v2\/pages\/1748\/revisions\/4852"}],"wp:attachment":[{"href":"https:\/\/dgaonline.regione.lazio.it\/dgaonline\/wp-json\/wp\/v2\/media?parent=1748"}],"curies":[{"name":"wp","href":"https:\/\/api.w.org\/{rel}","templated":true}]}}