
{"id":1743,"date":"2020-04-23T19:10:53","date_gmt":"2020-04-23T17:10:53","guid":{"rendered":"http:\/\/dgaonline.regione.lazio.it\/dgaonline\/?page_id=1743"},"modified":"2020-10-01T14:15:25","modified_gmt":"2020-10-01T12:15:25","slug":"testimonianze","status":"publish","type":"page","link":"https:\/\/dgaonline.regione.lazio.it\/dgaonline\/testimonianze\/","title":{"rendered":"Testimonianze"},"content":{"rendered":"<div id=\"pl-1743\"  class=\"panel-layout\" ><div id=\"pg-1743-0\"  class=\"panel-grid panel-has-style\" ><div class=\"siteorigin-panels-stretch panel-row-style panel-row-style-for-1743-0\" data-stretch-type=\"full\" ><div id=\"pgc-1743-0-0\"  class=\"panel-grid-cell\" ><div id=\"panel-1743-0-0-0\" class=\"so-panel widget widget_text panel-first-child\" data-index=\"0\" >\t\t\t<div class=\"textwidget\"><h2>Testimonianze<\/h2>\n<p>Vivere sulla propria pelle l&#8217;esperienza del Disturbo da Gioco d&#8217;Azzardo \u00e8 un&#8217;esperienza dolorosa, sia per la persona direttamente interessata sia per amici o familiari che cercano di offrire il proprio aiuto. Il percorso di cura che prende avvio dalla &#8220;consapevolezza di malattia&#8221; e che conduce al superamento della dipendenza \u00e8 talvolta disseminato di ostacoli, vicoli ciechi, frustrazioni. Ma, prendendo atto della difficolt\u00e0 nel farcela da soli, ed affidandoci ad un sistema di cura che ci aiuti a mantenere lucidit\u00e0, giorno dopo giorno ci si allontana dall&#8217;azzardo e ci si orienta ad un progetto di vita sensato.<\/p>\n<p>In questo sito troverai le <strong>Testimonianze<\/strong> di giocatori e giocatrici d&#8217;azzardo che hanno scelto di condividere le proprie esperienze, ben comprendendo quanto possa essere importante far sentire la propria vicinanza e mostrare percorsi di guarigione a coloro che ancora sono in cammino. Doppiamente importante perch\u00e9 offrire il proprio aiuto, la propria testimonianza, contribuisce al consolidamento del proprio benessere, della propria distanza dall&#8217;azzardo.<\/p>\n<\/div>\n\t\t<\/div><div class=\"widget_category_mansory\"><div id=\"panel-1743-0-0-1\" class=\"so-panel widget widget_widget_category_posts\" data-index=\"1\" ><div id=\"boxmiddle\" class=\"panel-widget-style panel-widget-style-for-1743-0-0-1\" ><h3 class=\"widget-title\">Storie di liberazione dalla dipendenza<\/h3><div class=\"card-columns\">\n                                          <article id=\"post-3507\" class=\"card post-3507 post type-post status-publish format-standard hentry category-testimonianza\" >\n                    \n                                                          <div class=\"card-body\">\n                    <div class=\"category-top\">\n                      <!-- <a class=\"category\" href=\"#\">Category<\/a> -->\n                                             \n                        <span class=\"data\">\n                          18 Mag 2020                        <\/span>\n                                          <\/div>\n                    <header class=\"entry-header\">\n                      <h5 class=\"card-title big-heading\">Federico<\/h5>                    <\/header><!-- .entry-header -->\n\n                        \n\n                        <div class=\"card-text\">\n                            <p>La testimonianza di Federico.<\/p>\n                        <\/div><!-- .entry-summary -->\n                                        <a href=\"https:\/\/dgaonline.regione.lazio.it\/dgaonline\/testimonianza\/federico\/\" title=\"Federico\" class=\"read-more\">Leggi di pi&ugrave; &nbsp;<span class=\"it-arrow-right\"><\/span><\/a>\n                  <\/div>\n\n                <\/article><!-- #post-## -->\n\n                \n                                          <article id=\"post-3495\" class=\"card post-3495 post type-post status-publish format-standard hentry category-testimonianza\" >\n                    \n                                                          <div class=\"card-body\">\n                    <div class=\"category-top\">\n                      <!-- <a class=\"category\" href=\"#\">Category<\/a> -->\n                                             \n                        <span class=\"data\">\n                          18 Mag 2020                        <\/span>\n                                          <\/div>\n                    <header class=\"entry-header\">\n                      <h5 class=\"card-title big-heading\">Donato<\/h5>                    <\/header><!-- .entry-header -->\n\n                        \n\n                        <div class=\"card-text\">\n                            <p>La testimonianza di Donato<\/p>\n                        <\/div><!-- .entry-summary -->\n                                        <a href=\"https:\/\/dgaonline.regione.lazio.it\/dgaonline\/testimonianza\/donato\/\" title=\"Donato\" class=\"read-more\">Leggi di pi&ugrave; &nbsp;<span class=\"it-arrow-right\"><\/span><\/a>\n                  <\/div>\n\n                <\/article><!-- #post-## -->\n\n                \n                                          <article id=\"post-3493\" class=\"card post-3493 post type-post status-publish format-standard hentry category-testimonianza\" >\n                    \n                                                          <div class=\"card-body\">\n                    <div class=\"category-top\">\n                      <!-- <a class=\"category\" href=\"#\">Category<\/a> -->\n                                             \n                        <span class=\"data\">\n                          18 Mag 2020                        <\/span>\n                                          <\/div>\n                    <header class=\"entry-header\">\n                      <h5 class=\"card-title big-heading\">Francesco<\/h5>                    <\/header><!-- .entry-header -->\n\n                        \n\n                        <div class=\"card-text\">\n                            <p>La testimonianza di Francesco.<\/p>\n                        <\/div><!-- .entry-summary -->\n                                        <a href=\"https:\/\/dgaonline.regione.lazio.it\/dgaonline\/testimonianza\/cleopatra\/\" title=\"Francesco\" class=\"read-more\">Leggi di pi&ugrave; &nbsp;<span class=\"it-arrow-right\"><\/span><\/a>\n                  <\/div>\n\n                <\/article><!-- #post-## -->\n\n                \n                                          <article id=\"post-3460\" class=\"card post-3460 post type-post status-publish format-standard hentry category-testimonianza\" >\n                    \n                                                          <div class=\"card-body\">\n                    <div class=\"category-top\">\n                      <!-- <a class=\"category\" href=\"#\">Category<\/a> -->\n                                             \n                        <span class=\"data\">\n                          18 Mag 2020                        <\/span>\n                                          <\/div>\n                    <header class=\"entry-header\">\n                      <h5 class=\"card-title big-heading\">Chiara<\/h5>                    <\/header><!-- .entry-header -->\n\n                        \n\n                        <div class=\"card-text\">\n                            <p>La testimonianza di Chiara.<\/p>\n                        <\/div><!-- .entry-summary -->\n                                        <a href=\"https:\/\/dgaonline.regione.lazio.it\/dgaonline\/testimonianza\/chiara\/\" title=\"Chiara\" class=\"read-more\">Leggi di pi&ugrave; &nbsp;<span class=\"it-arrow-right\"><\/span><\/a>\n                  <\/div>\n\n                <\/article><!-- #post-## -->\n\n                <\/div><\/div><\/div><\/div><div id=\"panel-1743-0-0-2\" class=\"so-panel widget widget_text panel-last-child\" data-index=\"2\" >\t\t\t<div class=\"textwidget\"><div class=\"container\">\n<div class=\"row\">\n<div class=\"col text-center\"><a href=\"http:\/\/dgaonline.regione.lazio.it\/dgaonline\/index.php\/testimonianze-archivio\/\"><button class=\"btn btn-outline-primary\" type=\"button\">Mostra tutte<\/button><\/a><\/div>\n<\/div>\n<\/div>\n<\/div>\n\t\t<\/div><\/div><div id=\"pgc-1743-0-1\"  class=\"panel-grid-cell\" ><div id=\"panel-1743-0-1-0\" class=\"so-panel widget widget_text panel-first-child panel-last-child\" data-index=\"3\" >\t\t\t<div class=\"textwidget\"><h4><b>Raccontaci la tua storia<\/b><\/h4>\n<p>Raccontare il proprio percorso pu\u00f2 essere un gesto di grande generosit\u00e0, ed \u00e8 necessario poterlo fare sentendosi assolutamente protetti da un doveroso rispetto della riservatezza: <a href=\"http:\/\/dgaonline.regione.lazio.it\/dgaonline\/index.php\/testimonianze\/#form-testimonianza\">nel form sottostante<\/a> potrai inserire <strong>la tua testimonianza<\/strong> senza registrare dati personali che possano condurre ad identificarti. Provvederemo noi a completare il quadro con nomi e immagini di fantasia: puoi essere di aiuto anche senza esporti personalmente.<\/p>\n<\/div>\n\t\t<\/div><\/div><\/div><\/div><div id=\"pg-1743-1\"  class=\"panel-grid panel-no-style\" ><div id=\"pgc-1743-1-0\"  class=\"panel-grid-cell panel-grid-cell-mobile-last\" ><div id=\"panel-1743-1-0-0\" class=\"so-panel widget widget_text panel-first-child\" data-index=\"4\" ><div id=\"form-testimonianza\" class=\"panel-widget-style panel-widget-style-for-1743-1-0-0\" >\t\t\t<div class=\"textwidget\"><h3 style=\"text-align: center;\">Form di invio testimonianza<\/h3>\n<\/div>\n\t\t<\/div><\/div><div id=\"panel-1743-1-0-1\" class=\"so-panel widget widget_text panel-last-child\" data-index=\"5\" >\t\t\t<div class=\"textwidget\">\n<div class=\"wpcf7 no-js\" id=\"wpcf7-f3522-o1\" lang=\"it-IT\" dir=\"ltr\" data-wpcf7-id=\"3522\">\n<div class=\"screen-reader-response\"><p role=\"status\" aria-live=\"polite\" aria-atomic=\"true\"><\/p> <ul><\/ul><\/div>\n<form action=\"\/dgaonline\/wp-json\/wp\/v2\/pages\/1743#wpcf7-f3522-o1\" method=\"post\" class=\"wpcf7-form init\" aria-label=\"Modulo di contatto\" novalidate=\"novalidate\" data-status=\"init\">\n<div style=\"display: none;\">\n<input type=\"hidden\" name=\"_wpcf7\" value=\"3522\" \/>\n<input type=\"hidden\" name=\"_wpcf7_version\" value=\"6.0\" \/>\n<input type=\"hidden\" name=\"_wpcf7_locale\" value=\"it_IT\" \/>\n<input type=\"hidden\" name=\"_wpcf7_unit_tag\" value=\"wpcf7-f3522-o1\" \/>\n<input type=\"hidden\" name=\"_wpcf7_container_post\" value=\"0\" \/>\n<input type=\"hidden\" name=\"_wpcf7_posted_data_hash\" value=\"\" \/>\n<\/div>\n<div class=\"col-sm-12\">\n\t<p><b>Testimonianza *<\/b>\n\t<\/p>\n\t<p><span class=\"wpcf7-form-control-wrap\" data-name=\"your-message\"><textarea cols=\"40\" rows=\"10\" maxlength=\"2000\" class=\"wpcf7-form-control wpcf7-textarea wpcf7-validates-as-required\" aria-required=\"true\" aria-invalid=\"false\" placeholder=\"Scrivici la tua testimonianza\" name=\"your-message\"><\/textarea><\/span>\n\t<\/p>\n<\/div>\n<div class=\"col-sm-12\">\n\t<p><b>Nome *<\/b>\n\t<\/p>\n\t<p><span class=\"wpcf7-form-control-wrap\" data-name=\"your-name\"><input size=\"40\" maxlength=\"400\" class=\"wpcf7-form-control wpcf7-text wpcf7-validates-as-required\" aria-required=\"true\" aria-invalid=\"false\" placeholder=\"Sei libero di utilizzare uno pseudonimo\" value=\"\" type=\"text\" name=\"your-name\" \/><\/span>\n\t<\/p>\n<\/div>\n<div class=\"col-sm-12\">\n\t<p><b>E-mail *<\/b>\n\t<\/p>\n\t<p><span class=\"wpcf7-form-control-wrap\" data-name=\"your-email\"><input size=\"40\" maxlength=\"400\" class=\"wpcf7-form-control wpcf7-email wpcf7-validates-as-required wpcf7-text wpcf7-validates-as-email\" aria-required=\"true\" aria-invalid=\"false\" placeholder=\"Non riceverai spam\" value=\"\" type=\"email\" name=\"your-email\" \/><\/span>\n\t<\/p>\n<\/div>\n<div class=\"col-sm-12\">\n\t<p><b>Comune<\/b>\n\t<\/p>\n\t<p><span class=\"wpcf7-form-control-wrap\" data-name=\"comune\"><input size=\"40\" maxlength=\"400\" class=\"wpcf7-form-control wpcf7-text\" aria-invalid=\"false\" placeholder=\"Sei libero di non comunicarcelo\" value=\"\" type=\"text\" name=\"comune\" \/><\/span>\n\t<\/p>\n<\/div>\n<div class=\"col-sm-12\">\n\t<p><b>URL video testimonianza<\/b>\n\t<\/p>\n\t<p><span class=\"wpcf7-form-control-wrap\" data-name=\"url\"><input size=\"40\" maxlength=\"400\" class=\"wpcf7-form-control wpcf7-text\" aria-invalid=\"false\" placeholder=\"Se hai un contenuto multimediale inserisci il suo indirizzo qui\" value=\"\" type=\"text\" name=\"url\" \/><\/span>\n\t<\/p>\n<\/div>\n<p><span class=\"wpcf7-form-control-wrap\" data-name=\"acceptance-548\"><span class=\"wpcf7-form-control wpcf7-acceptance\"><span class=\"wpcf7-list-item\"><label><input type=\"checkbox\" name=\"acceptance-548\" value=\"1\" aria-invalid=\"false\" \/><span class=\"wpcf7-list-item-label\">&nbsp&nbspDichiaro di <a title=\"Privacy Policy\" href=\"http:\/\/dgaonline.regione.lazio.it\/dgaonline\/index.php\/informativa-privacy\" target=\"_blank\" data-fancybox-type=\"iframe\">aver letto e accettato la privacy policy<\/a><\/span><\/label><\/span><\/span><\/span>\n<\/p>\n<p><input class=\"wpcf7-form-control wpcf7-submit has-spinner\" type=\"submit\" value=\"Invia la tua testimonianza\" \/>\n<\/p><div class=\"wpcf7-response-output\" aria-hidden=\"true\"><\/div>\n<\/form>\n<\/div>\n\n<\/div>\n\t\t<\/div><\/div><div id=\"pgc-1743-1-1\"  class=\"panel-grid-cell panel-grid-cell-empty\" ><\/div><\/div><\/div>","protected":false},"excerpt":{"rendered":"<p>Testimonianze Vivere sulla propria pelle l&#8217;esperienza del Disturbo da Gioco d&#8217;Azzardo \u00e8 un&#8217;esperienza dolorosa, sia per la persona direttamente interessata sia per amici o familiari &#8230; <\/p>\n","protected":false},"author":1,"featured_media":0,"parent":0,"menu_order":0,"comment_status":"closed","ping_status":"closed","template":"home.php","meta":{"footnotes":""},"class_list":["post-1743","page","type-page","status-publish","hentry"],"_links":{"self":[{"href":"https:\/\/dgaonline.regione.lazio.it\/dgaonline\/wp-json\/wp\/v2\/pages\/1743","targetHints":{"allow":["GET"]}}],"collection":[{"href":"https:\/\/dgaonline.regione.lazio.it\/dgaonline\/wp-json\/wp\/v2\/pages"}],"about":[{"href":"https:\/\/dgaonline.regione.lazio.it\/dgaonline\/wp-json\/wp\/v2\/types\/page"}],"author":[{"embeddable":true,"href":"https:\/\/dgaonline.regione.lazio.it\/dgaonline\/wp-json\/wp\/v2\/users\/1"}],"replies":[{"embeddable":true,"href":"https:\/\/dgaonline.regione.lazio.it\/dgaonline\/wp-json\/wp\/v2\/comments?post=1743"}],"version-history":[{"count":103,"href":"https:\/\/dgaonline.regione.lazio.it\/dgaonline\/wp-json\/wp\/v2\/pages\/1743\/revisions"}],"predecessor-version":[{"id":4862,"href":"https:\/\/dgaonline.regione.lazio.it\/dgaonline\/wp-json\/wp\/v2\/pages\/1743\/revisions\/4862"}],"wp:attachment":[{"href":"https:\/\/dgaonline.regione.lazio.it\/dgaonline\/wp-json\/wp\/v2\/media?parent=1743"}],"curies":[{"name":"wp","href":"https:\/\/api.w.org\/{rel}","templated":true}]}}