
{"id":1491,"date":"2020-04-23T10:18:58","date_gmt":"2020-04-23T08:18:58","guid":{"rendered":"http:\/\/dgaonline.regione.lazio.it\/dgaonline\/?page_id=1491"},"modified":"2020-07-28T15:28:29","modified_gmt":"2020-07-28T13:28:29","slug":"il-piano-regionale","status":"publish","type":"page","link":"https:\/\/dgaonline.regione.lazio.it\/dgaonline\/il-piano-regionale\/","title":{"rendered":"Il piano regionale"},"content":{"rendered":"<div id=\"pl-1491\"  class=\"panel-layout\" ><div id=\"pg-1491-0\"  class=\"panel-grid panel-has-style\" ><div class=\"siteorigin-panels-stretch panel-row-style panel-row-style-for-1491-0\" data-stretch-type=\"full\" ><div id=\"pgc-1491-0-0\"  class=\"panel-grid-cell panel-grid-cell-mobile-last\" ><div id=\"panel-1491-0-0-0\" class=\"so-panel widget widget_text panel-first-child\" data-index=\"0\" >\t\t\t<div class=\"textwidget\"><h2>Il Piano Regionale<\/h2>\n<p><strong>Premessa<\/strong>.<\/p>\n<p>I Piani operativi regionali sono propedeutici alla ripartizione del Fondo da 50 milioni di euro annui, a partire dal 2016, destinati alle Regioni e alle Province autonome di Trento e Bolzano, di cui all\u2019articolo 1, comma 946, della legge 28 dicembre 2015, n. 208, per garantire le prestazioni di prevenzione, cura e riabilitazione rivolte alle persone affette da gioco d\u2019azzardo patologico.<\/p>\n<p>Nell\u2019ambito della ripartizione del Fondo, il Ministero della Salute ha previsto per le Regioni delle quote distinte. \u00a0L\u2019assegnazione dei fondi nazionali viene predisposta a favore di Regioni e province autonome dopo valutazione positiva dei Piani da parte del Ministero della Salute, in concerto con l\u2019Osservatorio per il contrasto della diffusione del gioco d\u2019azzardo e il fenomeno della dipendenza grave.<\/p>\n<p>Pertanto, nell\u2019ambito dell\u2019applicazione della Legge regionale n. 5 del 2013, \u201cDisposizioni per la prevenzione e il trattamento del gioco d\u2019azzardo patologico (GAP)\u201d (allegata) sono stati promossi interventi, iniziative e campagne di sensibilizzazione, educazione ed informazione sui rischi del gioco d\u2019azzardo patologico.<\/p>\n<p>La Direzione regionale Salute e Politiche sociali ha elaborato il Piano biennale regionale 2017-2018, per il contrasto del gioco d\u2019azzardo patologico secondo le indicazioni del Ministero per la Salute. Il Piano biennale \u00e8 stato approvato con deliberazione n. 904 del 19\/12\/2017 dalla Regione Lazio e racchiude interventi di prevenzione, cura e riabilitazione. Tra le azioni realizzate vi sono:<\/p>\n<ul>\n<li class=\"li-custom\">gli sportelli informativi per la prevenzione e il trattamento del gioco d\u2019azzardo patologico aventi il compito specifico di offrire punti di primo ascolto e realizzare e diffondere materiali di prevenzione sul gioco patologico, indirizzati alla popolazione generale (uno per ogni distretto socio-sanitario della Regione, compresi i Municipi di Roma Capitale).<\/li>\n<li class=\"li-custom\">l\u2019istituzione dell\u2019Osservatorio regionale sul fenomeno del gioco d\u2019azzardo, al fine di monitorare gli effetti in tutte le sue componenti: culturali, legali, di pubblica sicurezza, commerciali, sanitarie ed epidemiologiche, sociali e socio-economiche, analizzando, altres\u00ec, i dati e le dinamiche legate al fenomeno del GAP.<\/li>\n<li class=\"li-custom\">assegnazione di risorse economiche destinate alla prevenzione, cura e riabilitazione delle patologie connesse alla dipendenza da gioco d\u2019azzardo patologico alle Aziende Sanitarie Locali della Regione Lazio, in base al criterio della popolazione assoluta per ASL di residenza.<\/li>\n<\/ul>\n<p>In particolare, le risorse destinate alle ASL per la prevenzione, cura e riabilitazione delle patologie connesse alla dipendenza da gioco d\u2019azzardo patologico, sono volte a realizzare i seguenti obiettivi:<\/p>\n<ul>\n<li class=\"li-custom\">l\u2019inserimento, presso le strutture specialistiche, residenziali o semiresidenziali, di cittadini affetti da patologie da gioco d\u2019azzardo che necessitano del trattamento di cura e riabilitazione da svolgere lontano dal proprio ambiente di vita;<\/li>\n<li class=\"li-custom\">l\u2019incremento del personale specializzato dei servizi per le dipendenze, per rafforzare la capacit\u00e0 di presa in carico; per l\u2019attivazione di gruppi di auto mutuo aiuto ed altre metodologie psicoeducative; per la sperimentazione di modalit\u00e0 di intervento innovative, sia sotto il profilo preventivo ed educativo che sotto il profilo riabilitativo ed inclusivo, da attuare direttamente o in modo integrato con i servizi sociali territoriali e con il Terzo Settore;<\/li>\n<li class=\"li-custom\">la formazione e l\u2019aggiornamento degli operatori sanitari, sociali e del terzo settore, per realizzare un percorso formativo finalizzato alla conoscenza del fenomeno patologico del gioco d\u2019azzardo, condividendo strumenti e strategie efficaci sui percorsi di cura e riabilitazione.<\/li>\n<\/ul>\n<p><strong>Implementazione e nuova programmazione 2018\/2019<\/strong>.<\/p>\n<p>Con le risorse derivanti dal Fondo istituito presso il Ministero della Salute, finalizzato alla realizzazione di interventi di prevenzione, cura e riabilitazione rivolti alle persone affette da patologia da gioco d\u2019azzardo, da ripartire fra le Regioni e le Province autonome di Trento e Bolzano, sono state destinate alla Regione Lazio una quota pari a euro 4.833.880,60, per l\u2019annualit\u00e0 2018 ed una quota pari ad euro 4.833.880,60, per l\u2019annualit\u00e0 2019.<\/p>\n<p>La Regione Lazio, in ottemperanza a quanto disposto dal Decreto del Ministero della Salute registrato dalla Corte dei Conti in data 22.11.2018, relaziona sulla Programmazione delle attivit\u00e0 per il biennio 2018-2019, comprensiva dell\u2019implementazione del Piano biennale regionale sul gioco d\u2019azzardo 2016-2017, in coerenza con l\u2019impianto del Piano Nazionale della Prevenzione.<\/p>\n<p>La strategia generale che si intende adottare, in ragione del poco tempo trascorso dall\u2019avvio concreto dell\u2019attuazione del piano, \u00e8 quella di dare continuit\u00e0 alle azioni gi\u00e0 programmate nel piano stesso, con ci\u00f2 assicurando che gli interventi possano essere garantiti, con le risorse assegnate, per i due anni successivi al completamento del Piano regionale.<\/p>\n<p>Nella implementazione del Piano si tiene conto dell\u2019aggiornamento e dell\u2019ampliamento dei Livelli Essenziali di Assistenza &#8211; LEA, previsti dal DPCM del 12 gennaio 2017; il Servizio Sanitario Nazionale deve infatti garantire, gratuitamente, oppure dietro il pagamento di un ticket, interventi di prevenzione, cura e riabilitazione ai cittadini affetti da dipendenza da gioco d\u2019azzardo.<\/p>\n<p>In particolare la nuova programmazione preveder\u00e0:<\/p>\n<ul>\n<li class=\"li-custom\">Obiettivo Generale &#8211; Prevenzione\n<ul>\n<li \"li-custom\">\u00a0 Obiettivo specifico 2: Interventi di informazione e prevenzione negli Istituti Scolastici<\/li>\n<li \"li-custom\">\u00a0 Obiettivo specifico 3: Interventi di informazione per il contrasto al sovraindebitamento e all\u2019usura<\/li>\n<li \"li-custom\">\u00a0 Obiettivo specifico 4 e 5:\u00a0Animazione territoriale &#8211; Implementazione della rete<\/li>\n<\/ul>\n<\/li>\n<li class=\"li-custom\">Obiettivo Generale &#8211; Cura e Riabilitazione\n<ul>\n<li>\u00a0 Obiettivo specifico 1:\u00a0Aumento della presa in carico<\/li>\n<li>\u00a0 Obiettivo specifico 2:\u00a0Adeguato trattamento dei cittadini problematici e delle loro famiglie<\/li>\n<\/ul>\n<\/li>\n<li class=\"li-custom\">Obiettivo Generale &#8211; Rafforzamento del sistema\n<ul>\n<li>\u00a0 Obiettivo specifico 1:\u00a0Formazione e aggiornamento degli operatori<\/li>\n<li>\u00a0 Obiettivo specifico 2:\u00a0Promozione e Rilascio del marchio \u201cslot free-rl\u201d<\/li>\n<li>\u00a0 Obiettivo specifico 3: Percorsi formativi per gli esercenti e il personale addetto alle sale da gioco<\/li>\n<li>\u00a0 Obiettivo specifico 6 e 7:\u00a0Osservatorio on line permanente &#8211; Mappatura completa degli esercizi commerciali dedicati al gioco d\u2019azzardo<\/li>\n<\/ul>\n<\/li>\n<\/ul>\n<\/div>\n\t\t<\/div><div id=\"panel-1491-0-0-1\" class=\"widget_text so-panel widget widget_custom_html panel-last-child\" data-index=\"1\" ><div class=\"textwidget custom-html-widget\"><h2>Documenti<\/h2>\n<strong>Scarica documenti informativi<\/strong>\n<br>\n<br>\n<a href=\"http:\/\/dgaonline.regione.lazio.it\/dgaonline\/wp-content\/uploads\/2020\/04\/LEGGE-REGIONALE-LAZIO-GAP-05-08-13.pdf\" target=\"_blank\" rel=\"noopener\">\n<button class=\"btn btn-outline-primary\" type=\"button\">Legge regionale n. 5 del 05-08-13\u00a0\u00a0<i class=\"fas fa-link\"><\/i>\n<\/button><\/a>\n<br>\n<a href=\"http:\/\/dgaonline.regione.lazio.it\/dgaonline\/\/wp-content\/uploads\/2020\/04\/Piano-Regionale.pdf\" target=\"_blank\" rel=\"noopener\"><button class=\"btn btn-outline-primary\" style=\"margin-top: 1em !important;\" type=\"button\">Piano Regionale Biennale 2017-2018\u00a0\u00a0<i class=\"fas fa-link\"><\/i>\n<\/button>\n<\/a>\n<br>\n<a href=\"http:\/\/dgaonline.regione.lazio.it\/dgaonline\/wp-content\/uploads\/2020\/06\/Implementazione-PIANO-GAP-2019.pdf\" target=\"_blank\" rel=\"noopener\"><button class=\"btn btn-outline-primary\" style=\"margin-top: 1em !important;\" type=\"button\">Implementazione PIANO GAP 2019\u00a0<i class=\"fas fa-link\"><\/i>\n<\/button>\n<\/a>\n<br>\n<br><\/div><\/div><\/div><div id=\"pgc-1491-0-1\"  class=\"panel-grid-cell panel-grid-cell-empty\" ><\/div><\/div><\/div><\/div>","protected":false},"excerpt":{"rendered":"<p>Il Piano Regionale Premessa. I Piani operativi regionali sono propedeutici alla ripartizione del Fondo da 50 milioni di euro annui, a partire dal 2016, destinati &#8230; <\/p>\n","protected":false},"author":1,"featured_media":0,"parent":0,"menu_order":0,"comment_status":"closed","ping_status":"closed","template":"home.php","meta":{"footnotes":""},"class_list":["post-1491","page","type-page","status-publish","hentry"],"_links":{"self":[{"href":"https:\/\/dgaonline.regione.lazio.it\/dgaonline\/wp-json\/wp\/v2\/pages\/1491","targetHints":{"allow":["GET"]}}],"collection":[{"href":"https:\/\/dgaonline.regione.lazio.it\/dgaonline\/wp-json\/wp\/v2\/pages"}],"about":[{"href":"https:\/\/dgaonline.regione.lazio.it\/dgaonline\/wp-json\/wp\/v2\/types\/page"}],"author":[{"embeddable":true,"href":"https:\/\/dgaonline.regione.lazio.it\/dgaonline\/wp-json\/wp\/v2\/users\/1"}],"replies":[{"embeddable":true,"href":"https:\/\/dgaonline.regione.lazio.it\/dgaonline\/wp-json\/wp\/v2\/comments?post=1491"}],"version-history":[{"count":48,"href":"https:\/\/dgaonline.regione.lazio.it\/dgaonline\/wp-json\/wp\/v2\/pages\/1491\/revisions"}],"predecessor-version":[{"id":4607,"href":"https:\/\/dgaonline.regione.lazio.it\/dgaonline\/wp-json\/wp\/v2\/pages\/1491\/revisions\/4607"}],"wp:attachment":[{"href":"https:\/\/dgaonline.regione.lazio.it\/dgaonline\/wp-json\/wp\/v2\/media?parent=1491"}],"curies":[{"name":"wp","href":"https:\/\/api.w.org\/{rel}","templated":true}]}}