
{"id":1308,"date":"2020-04-20T19:39:19","date_gmt":"2020-04-20T17:39:19","guid":{"rendered":"http:\/\/dgaonline.regione.lazio.it\/dgaonline\/?page_id=1308"},"modified":"2020-04-30T13:51:29","modified_gmt":"2020-04-30T11:51:29","slug":"i-nostri-obiettivi","status":"publish","type":"page","link":"https:\/\/dgaonline.regione.lazio.it\/dgaonline\/i-nostri-obiettivi\/","title":{"rendered":"I nostri obiettivi"},"content":{"rendered":"<div id=\"pl-1308\"  class=\"panel-layout\" ><div id=\"pg-1308-0\"  class=\"panel-grid panel-has-style\" ><div class=\"siteorigin-panels-stretch panel-row-style panel-row-style-for-1308-0\" data-stretch-type=\"full\" ><div id=\"pgc-1308-0-0\"  class=\"panel-grid-cell panel-grid-cell-mobile-last\" ><div id=\"panel-1308-0-0-0\" class=\"so-panel widget widget_text panel-first-child\" data-index=\"0\" >\t\t\t<div class=\"textwidget\"><header>\n<h2 class=\"entry-title\">I nostri obiettivi<\/h2>\n<\/header>\n<p style=\"font-size: 24px; font-weight: 600;\">All\u2019interno della deliberazione 16\/01\/2018 n. 9, che modifica la DGR 24 maggio 2016 n. 272, si specificano gli obiettivi e le attivit\u00e0 dell\u2019Osservatorio Regionale sul fenomeno del gioco d&#8217;azzardo.<\/p>\n<\/div>\n\t\t<\/div><div id=\"panel-1308-0-0-1\" class=\"so-panel widget widget_text\" data-index=\"1\" >\t\t\t<div class=\"textwidget\"><header><strong>Finalit\u00e0<\/strong><\/p>\n<p>L\u2019attivit\u00e0 dell\u2019Osservatorio Regionale sul gioco d\u2019azzardo patologico (GAP) \u00e8 finalizzata a fornire strumenti di analisi, conoscenza e verifica a supporto delle politiche di programmazione regionale, oltre a rappresentare uno strumento strategico e di aiuto per poter meglio coordinare e integrare gli interventi su tutto il territorio regionale.<\/p>\n<\/header>\n<\/div>\n\t\t<\/div><div id=\"panel-1308-0-0-2\" class=\"so-panel widget widget_text\" data-index=\"2\" >\t\t\t<div class=\"textwidget\"><header><strong>Attivit\u00e0 istituzionali<\/strong><\/p>\n<p>L\u2019Osservatorio Regionale sul gioco d\u2019azzardo patologico (GAP), cos\u00ec come previsto dall\u2019 art.6 comma 2 della LR 5\/2013 svolge, in particolare, le seguenti attivit\u00e0:<\/p>\n<ol>\n<li>studio e monitoraggio del fenomeno in ambito regionale;<\/li>\n<li>predisposizione e formulazione di strategie, linee di intervento, campagne informative e di sensibilizzazione, anche in raccordo con analoghi organismi operanti a livello nazionale, regionale e locale;<\/li>\n<li>individuazione di buone prassi e conseguenti protocolli applicativi, destinati alle strutture pubbliche e private coinvolte, nell\u2019ambito degli interventi promossi dal piano integrato di cui all\u2019articolo 10;<\/li>\n<li>verifica dell\u2019impatto delle politiche e redazione di un rapporto annuale.<\/li>\n<\/ol>\n<\/header>\n<\/div>\n\t\t<\/div><div id=\"panel-1308-0-0-3\" class=\"so-panel widget widget_text\" data-index=\"3\" >\t\t\t<div class=\"textwidget\"><header><strong>Organizzazione<\/strong><\/p>\n<p>L\u2019Osservatorio nell\u2019ambito delle proprie competenze:<\/p>\n<ol>\n<li>Stabilisce con proprio Regolamento le modalit\u00e0 di convocazione e di funzionamento, nonch\u00e9 ogni altra attivit\u00e0 o attribuzione, nei limiti di competenza, atte a garantire l\u2019efficacia e l\u2019efficienza della propria azione, anche istituendo appositi sottogruppi di lavoro tematici e provvedendo alla nomina di un Segretario dell\u2019Osservatorio;<\/li>\n<li>Il Presidente dell\u2019Osservatorio regionale ha facolt\u00e0 di far partecipare alle riunioni anche soggetti esterni con specifiche competenze professionali, a supporto della missione istituzionale e dei compiti dell\u2019Osservatorio;<\/li>\n<li>Promuove la sottoscrizione di accordi e di protocolli di intesa con le Istituzioni e le Universit\u00e0 per le finalit\u00e0 dell\u2019Osservatorio Regionale ovvero per implementare misure ed interventi pi\u00f9 efficaci nel contrasto al fenomeno della dipendenza grave da gioco d\u2019azzardo.<\/li>\n<\/ol>\n<\/header>\n<\/div>\n\t\t<\/div><div id=\"panel-1308-0-0-4\" class=\"so-panel widget widget_text panel-last-child\" data-index=\"4\" >\t\t\t<div class=\"textwidget\"><header><strong>Partecipazione e informazione<\/strong><\/p>\n<ol>\n<li>L\u2019Osservatorio garantisce la massima diffusione delle attivit\u00e0 e dei propri risultati e individua forme di coinvolgimento e partecipazione dei soggetti della societ\u00e0 civile, impegnati sul fenomeno del gioco d\u2019azzardo;<\/li>\n<li>I resoconti delle attivit\u00e0 svolte e i documenti predisposti sono resi disponibili con pubblicazione sul sito internet: www.socialelazio.it<\/li>\n<\/ol>\n<\/header>\n<p><\/br><\/p>\n<\/div>\n\t\t<\/div><\/div><div id=\"pgc-1308-0-1\"  class=\"panel-grid-cell panel-grid-cell-empty\" ><\/div><\/div><\/div><\/div>","protected":false},"excerpt":{"rendered":"<p>I nostri obiettivi All\u2019interno della deliberazione 16\/01\/2018 n. 9, che modifica la DGR 24 maggio 2016 n. 272, si specificano gli obiettivi e le attivit\u00e0 &#8230; <\/p>\n","protected":false},"author":1,"featured_media":0,"parent":0,"menu_order":0,"comment_status":"closed","ping_status":"closed","template":"home.php","meta":{"footnotes":""},"class_list":["post-1308","page","type-page","status-publish","hentry"],"_links":{"self":[{"href":"https:\/\/dgaonline.regione.lazio.it\/dgaonline\/wp-json\/wp\/v2\/pages\/1308","targetHints":{"allow":["GET"]}}],"collection":[{"href":"https:\/\/dgaonline.regione.lazio.it\/dgaonline\/wp-json\/wp\/v2\/pages"}],"about":[{"href":"https:\/\/dgaonline.regione.lazio.it\/dgaonline\/wp-json\/wp\/v2\/types\/page"}],"author":[{"embeddable":true,"href":"https:\/\/dgaonline.regione.lazio.it\/dgaonline\/wp-json\/wp\/v2\/users\/1"}],"replies":[{"embeddable":true,"href":"https:\/\/dgaonline.regione.lazio.it\/dgaonline\/wp-json\/wp\/v2\/comments?post=1308"}],"version-history":[{"count":14,"href":"https:\/\/dgaonline.regione.lazio.it\/dgaonline\/wp-json\/wp\/v2\/pages\/1308\/revisions"}],"predecessor-version":[{"id":4702,"href":"https:\/\/dgaonline.regione.lazio.it\/dgaonline\/wp-json\/wp\/v2\/pages\/1308\/revisions\/4702"}],"wp:attachment":[{"href":"https:\/\/dgaonline.regione.lazio.it\/dgaonline\/wp-json\/wp\/v2\/media?parent=1308"}],"curies":[{"name":"wp","href":"https:\/\/api.w.org\/{rel}","templated":true}]}}